{"id":230989,"date":"2026-03-04T07:13:25","date_gmt":"2026-03-04T06:13:25","guid":{"rendered":"https:\/\/grupotextil.es\/producto\/rush-2-0-hot-pant-w\/"},"modified":"2026-04-26T04:05:55","modified_gmt":"2026-04-26T02:05:55","slug":"rush-2-0-hot-pant-w","status":"publish","type":"product","link":"https:\/\/grupotextil.es\/ca\/product\/rush-2-0-hot-pant-w\/","title":{"rendered":"Rush 2.0 Hot Pant W"},"content":{"rendered":"<p>Los Rush 2.0 Hot Pants son unas shorts ligeros y el\u00e1sticos que ofrecen un transporte eficiente de la humedad y una gran libertad de movimiento durante actividades f\u00edsicas intensas como el atletismo y la gimnasia. La versi\u00f3n 2.0 se ha actualizado con un nuevo material m\u00e1s resistente y el\u00e1stico que proporciona una mayor contracci\u00f3n y menos transparencia. Confeccionada con poli\u00e9ster reciclado y dise\u00f1ada para reducir la huella ambiental, esta prenda es un espl\u00e9ndido ejemplo de ropa deportiva de \u00faltima generaci\u00f3n. Perfectos para la inclusi\u00f3n de marcas con el logotipo del club, patrocinios o empresas.<\/p>\n<p>\u2022 Confeccionada con poli\u00e9ster reciclado<\/p>\n<p>\u2022 Dise\u00f1o actualizado con un material nuevo, m\u00e1s resistente y el\u00e1stico<\/p>\n<p>\u2022 Gran efecto de contracci\u00f3n y menos transparencia<\/p>\n<p>\u2022 Cintura ancha para m\u00e1ximo confort<\/p>\n<p>\u2022 Cord\u00f3n en la cintura para un ajuste \u00f3ptimo<\/p>\n<p>\u2022 Dise\u00f1o limpio<\/p>\n<p><strong>Composici\u00f3n:<\/strong> 72% Polyester-Recycled, 28% Elastane | <strong>Peso:<\/strong> 220 g\/m2 | <strong>Tallas:<\/strong> XXS-XXL<\/p>","protected":false},"excerpt":{"rendered":"<p>Los Rush 2.0 Hot Pants son unas shorts ligeros y el\u00e1sticos que ofrecen un transporte eficiente de la humedad y una gran libertad de movimiento durante actividades f\u00edsicas intensas como el atletismo y la gimnasia. La versi\u00f3n 2.0 se ha actualizado con<\/p>","protected":false},"featured_media":236789,"comment_status":"open","ping_status":"closed","template":"","meta":{"_acf_changed":false},"product_brand":[10489],"product_cat":[15147],"product_tag":[],"class_list":{"0":"post-230989","1":"product","2":"type-product","3":"status-publish","4":"has-post-thumbnail","6":"product_brand-craft","7":"product_cat-new-wave","8":"tm-no-options","10":"first","11":"instock","12":"taxable","13":"shipping-taxable","14":"product-type-variable"},"acf":[],"_links":{"self":[{"href":"https:\/\/grupotextil.es\/ca\/wp-json\/wp\/v2\/product\/230989","targetHints":{"allow":["GET"]}}],"collection":[{"href":"https:\/\/grupotextil.es\/ca\/wp-json\/wp\/v2\/product"}],"about":[{"href":"https:\/\/grupotextil.es\/ca\/wp-json\/wp\/v2\/types\/product"}],"replies":[{"embeddable":true,"href":"https:\/\/grupotextil.es\/ca\/wp-json\/wp\/v2\/comments?post=230989"}],"wp:featuredmedia":[{"embeddable":true,"href":"https:\/\/grupotextil.es\/ca\/wp-json\/wp\/v2\/media\/236789"}],"wp:attachment":[{"href":"https:\/\/grupotextil.es\/ca\/wp-json\/wp\/v2\/media?parent=230989"}],"wp:term":[{"taxonomy":"product_brand","embeddable":true,"href":"https:\/\/grupotextil.es\/ca\/wp-json\/wp\/v2\/product_brand?post=230989"},{"taxonomy":"product_cat","embeddable":true,"href":"https:\/\/grupotextil.es\/ca\/wp-json\/wp\/v2\/product_cat?post=230989"},{"taxonomy":"product_tag","embeddable":true,"href":"https:\/\/grupotextil.es\/ca\/wp-json\/wp\/v2\/product_tag?post=230989"}],"curies":[{"name":"wp","href":"https:\/\/api.w.org\/{rel}","templated":true}]}}