{"id":231098,"date":"2026-03-04T07:14:31","date_gmt":"2026-03-04T06:14:31","guid":{"rendered":"https:\/\/grupotextil.es\/producto\/ib132-interlock-knit-woman-contemporary\/"},"modified":"2026-04-19T04:07:04","modified_gmt":"2026-04-19T02:07:04","slug":"ib132-interlock-knit-woman-contemporary","status":"publish","type":"product","link":"https:\/\/grupotextil.es\/ca\/product\/ib132-interlock-knit-woman-contemporary\/","title":{"rendered":"IB132 Interlock Knit Woman Contemporary"},"content":{"rendered":"<p>Camisa Oxford Interlock, un c\u00f3modo cl\u00e1sico de negocios de punto y con tratado Easy Care. Rendimiento el\u00e1stico natural y detalles a tono. Para llevar con traje y corbata en una reuni\u00f3n de negocios y desenfadada el fin de semana.<\/p>\n<p><strong>Composici\u00f3n:<\/strong> 71% Long staple cotton, 29% recycled polyester. 159 g\/m\u00b2. Easy Care. | <strong>Peso:<\/strong> 159 gsm | <strong>Tallas:<\/strong> XS-4XL<\/p>","protected":false},"excerpt":{"rendered":"<p>Camisa Oxford Interlock, un c\u00f3modo cl\u00e1sico de negocios de punto y con tratado Easy Care. Rendimiento el\u00e1stico natural y detalles a tono. Para llevar con traje y corbata en una reuni\u00f3n de negocios y desenfadada el fin de semana.<\/p>","protected":false},"featured_media":236805,"comment_status":"open","ping_status":"closed","template":"","meta":{"_acf_changed":false},"product_brand":[10563],"product_cat":[13995],"product_tag":[],"class_list":{"0":"post-231098","1":"product","2":"type-product","3":"status-publish","4":"has-post-thumbnail","6":"product_brand-j-harvest-frost","7":"product_cat-n-camisetas","8":"tm-no-options","10":"first","11":"instock","12":"taxable","13":"shipping-taxable","14":"product-type-variable"},"acf":[],"_links":{"self":[{"href":"https:\/\/grupotextil.es\/ca\/wp-json\/wp\/v2\/product\/231098","targetHints":{"allow":["GET"]}}],"collection":[{"href":"https:\/\/grupotextil.es\/ca\/wp-json\/wp\/v2\/product"}],"about":[{"href":"https:\/\/grupotextil.es\/ca\/wp-json\/wp\/v2\/types\/product"}],"replies":[{"embeddable":true,"href":"https:\/\/grupotextil.es\/ca\/wp-json\/wp\/v2\/comments?post=231098"}],"wp:featuredmedia":[{"embeddable":true,"href":"https:\/\/grupotextil.es\/ca\/wp-json\/wp\/v2\/media\/236805"}],"wp:attachment":[{"href":"https:\/\/grupotextil.es\/ca\/wp-json\/wp\/v2\/media?parent=231098"}],"wp:term":[{"taxonomy":"product_brand","embeddable":true,"href":"https:\/\/grupotextil.es\/ca\/wp-json\/wp\/v2\/product_brand?post=231098"},{"taxonomy":"product_cat","embeddable":true,"href":"https:\/\/grupotextil.es\/ca\/wp-json\/wp\/v2\/product_cat?post=231098"},{"taxonomy":"product_tag","embeddable":true,"href":"https:\/\/grupotextil.es\/ca\/wp-json\/wp\/v2\/product_tag?post=231098"}],"curies":[{"name":"wp","href":"https:\/\/api.w.org\/{rel}","templated":true}]}}