{"id":231110,"date":"2026-03-04T07:14:38","date_gmt":"2026-03-04T06:14:38","guid":{"rendered":"https:\/\/grupotextil.es\/producto\/ability-polo-w\/"},"modified":"2026-04-19T04:07:04","modified_gmt":"2026-04-19T02:07:04","slug":"ability-polo-w","status":"publish","type":"product","link":"https:\/\/grupotextil.es\/ca\/product\/ability-polo-w\/","title":{"rendered":"Ability Polo W"},"content":{"rendered":"<p>El Ability es un polo premium confeccionado con poli\u00e9ster reciclado que combina una gran funcionalidad con una excelente elasticidad y un tacto suave para ofrecer la m\u00e1xima comodidad. Las perforaciones y los paneles de malla estrat\u00e9gicamente ubicados permiten disfrutar de una mejor ventilaci\u00f3n, mientras que el dise\u00f1o ergon\u00f3mico brinda una total libertad de movimiento. Perfecta para la inclusi\u00f3n de marcas con el logotipo del club, patrocinios o empresas.<\/p>\n<p>\u2022 Confeccionada con poli\u00e9ster reciclado<\/p>\n<p>\u2022 Paneles de malla en las zonas de mayor acumulaci\u00f3n de calor<\/p>\n<p>\u2022 Perforaciones en el contorno del cuerpo<\/p>\n<p>\u2022 Cuello tipo polo abotonado<\/p>\n<p>\u2022 Dise\u00f1o limpio<\/p>\n<p><strong>Composici\u00f3n:<\/strong> Body 100% Polyester Recycled, Side Panels 84% Polyester Recycled, 6% Polyester, 10% Elastane | <strong>Tallas:<\/strong> XS-XXL<\/p>","protected":false},"excerpt":{"rendered":"<p>El Ability es un polo premium confeccionado con poli\u00e9ster reciclado que combina una gran funcionalidad con una excelente elasticidad y un tacto suave para ofrecer la m\u00e1xima comodidad. Las perforaciones y los paneles de malla estrat\u00e9gicamente ubicados<\/p>","protected":false},"featured_media":236808,"comment_status":"open","ping_status":"closed","template":"","meta":{"_acf_changed":false},"product_brand":[10489],"product_cat":[13986,13977,13981,13990,13974,13932,13930,13975,13935,13973],"product_tag":[],"class_list":{"0":"post-231110","1":"product","2":"type-product","3":"status-publish","4":"has-post-thumbnail","6":"product_brand-craft","7":"product_cat-m-camisetas-manga-corta","8":"product_cat-h-camisetas-manga-corta","9":"product_cat-h-chaquetas-y-abrigos","10":"product_cat-m-chaquetas-y-abrigos","11":"product_cat-ropa-hombre","12":"product_cat-hosteleria-horeca","13":"product_cat-laboral","14":"product_cat-ropa-mujer","15":"product_cat-pantalones-cocina","16":"product_cat-ropa","17":"tm-no-options","19":"first","20":"instock","21":"taxable","22":"shipping-taxable","23":"product-type-variable"},"acf":[],"_links":{"self":[{"href":"https:\/\/grupotextil.es\/ca\/wp-json\/wp\/v2\/product\/231110","targetHints":{"allow":["GET"]}}],"collection":[{"href":"https:\/\/grupotextil.es\/ca\/wp-json\/wp\/v2\/product"}],"about":[{"href":"https:\/\/grupotextil.es\/ca\/wp-json\/wp\/v2\/types\/product"}],"replies":[{"embeddable":true,"href":"https:\/\/grupotextil.es\/ca\/wp-json\/wp\/v2\/comments?post=231110"}],"wp:featuredmedia":[{"embeddable":true,"href":"https:\/\/grupotextil.es\/ca\/wp-json\/wp\/v2\/media\/236808"}],"wp:attachment":[{"href":"https:\/\/grupotextil.es\/ca\/wp-json\/wp\/v2\/media?parent=231110"}],"wp:term":[{"taxonomy":"product_brand","embeddable":true,"href":"https:\/\/grupotextil.es\/ca\/wp-json\/wp\/v2\/product_brand?post=231110"},{"taxonomy":"product_cat","embeddable":true,"href":"https:\/\/grupotextil.es\/ca\/wp-json\/wp\/v2\/product_cat?post=231110"},{"taxonomy":"product_tag","embeddable":true,"href":"https:\/\/grupotextil.es\/ca\/wp-json\/wp\/v2\/product_tag?post=231110"}],"curies":[{"name":"wp","href":"https:\/\/api.w.org\/{rel}","templated":true}]}}