{"id":231146,"date":"2026-03-04T07:14:59","date_gmt":"2026-03-04T06:14:59","guid":{"rendered":"https:\/\/grupotextil.es\/producto\/ib132-interlock-knit-s-s-slim\/"},"modified":"2026-04-19T04:07:04","modified_gmt":"2026-04-19T02:07:04","slug":"ib132-interlock-knit-s-s-slim","status":"publish","type":"product","link":"https:\/\/grupotextil.es\/ca\/product\/ib132-interlock-knit-s-s-slim\/","title":{"rendered":"IB132 Interlock Knit S\/S Slim"},"content":{"rendered":"<p>Camisa de manga corta Knit Interlock Oxford. Presenta un corte moderno y suave con cuello abotonado oculto, aberturas laterales y con vuelta en mangas. Una prenda de punto c\u00f3moda con tratamiento Easy Care, un cl\u00e1sico moderno para los negocios con un rendimiento el\u00e1stico natural y detalles a tono.<\/p>\n<p><strong>Composici\u00f3n:<\/strong> 71% Algod\u00f3n Fibra larga, 29% Poli\u00e9ster reciclado | <strong>Peso:<\/strong> 159 g\/m\u00b2 | <strong>Tallas:<\/strong> XS-XXL<\/p>","protected":false},"excerpt":{"rendered":"<p>Camisa de manga corta Knit Interlock Oxford. Presenta un corte moderno y suave con cuello abotonado oculto, aberturas laterales y con vuelta en mangas. Una prenda de punto c\u00f3moda con tratamiento Easy Care, un cl\u00e1sico moderno para los negocios con un<\/p>","protected":false},"featured_media":236814,"comment_status":"open","ping_status":"closed","template":"","meta":{"_acf_changed":false},"product_brand":[10563],"product_cat":[13995],"product_tag":[],"class_list":{"0":"post-231146","1":"product","2":"type-product","3":"status-publish","4":"has-post-thumbnail","6":"product_brand-j-harvest-frost","7":"product_cat-n-camisetas","8":"tm-no-options","10":"first","11":"instock","12":"taxable","13":"shipping-taxable","14":"product-type-variable"},"acf":[],"_links":{"self":[{"href":"https:\/\/grupotextil.es\/ca\/wp-json\/wp\/v2\/product\/231146","targetHints":{"allow":["GET"]}}],"collection":[{"href":"https:\/\/grupotextil.es\/ca\/wp-json\/wp\/v2\/product"}],"about":[{"href":"https:\/\/grupotextil.es\/ca\/wp-json\/wp\/v2\/types\/product"}],"replies":[{"embeddable":true,"href":"https:\/\/grupotextil.es\/ca\/wp-json\/wp\/v2\/comments?post=231146"}],"wp:featuredmedia":[{"embeddable":true,"href":"https:\/\/grupotextil.es\/ca\/wp-json\/wp\/v2\/media\/236814"}],"wp:attachment":[{"href":"https:\/\/grupotextil.es\/ca\/wp-json\/wp\/v2\/media?parent=231146"}],"wp:term":[{"taxonomy":"product_brand","embeddable":true,"href":"https:\/\/grupotextil.es\/ca\/wp-json\/wp\/v2\/product_brand?post=231146"},{"taxonomy":"product_cat","embeddable":true,"href":"https:\/\/grupotextil.es\/ca\/wp-json\/wp\/v2\/product_cat?post=231146"},{"taxonomy":"product_tag","embeddable":true,"href":"https:\/\/grupotextil.es\/ca\/wp-json\/wp\/v2\/product_tag?post=231146"}],"curies":[{"name":"wp","href":"https:\/\/api.w.org\/{rel}","templated":true}]}}