{"id":231164,"date":"2026-03-04T07:15:11","date_gmt":"2026-03-04T06:15:11","guid":{"rendered":"https:\/\/grupotextil.es\/producto\/5438-chaqueta-acolchada-algodon\/"},"modified":"2026-04-19T04:07:04","modified_gmt":"2026-04-19T02:07:04","slug":"5438-chaqueta-acolchada-algodon","status":"publish","type":"product","link":"https:\/\/grupotextil.es\/ca\/product\/5438-chaqueta-acolchada-algodon\/","title":{"rendered":"5438 CHAQUETA ACOLCHADA ALGOD\u00d3N"},"content":{"rendered":"<p>Chaqueta con cremallera hasta el cuello en la parte delantera, con solapa cortaviento interna y protector de barbilla para evitar corrientes de aire y rozaduras. Bolsillos frontales a ambos lados, en el lado izquierdo gancho interno para tarjeta de identificaci\u00f3n. Bolsillos laterales con cremalleras. Amplios bolsillos interiores, bolsillo para el m\u00f3vil con cierre de velcro. Espalda prolongada. Pu\u00f1os ajustables con velcro. Tejido fluorescente y reflectante sobre los hombros, tambi\u00e9n ribetes reflectantes en la espalda y en los bolsillos delanteros para mayor visibilidad. El forro se puede abrir para facilitar la impresi\u00f3n y el bordado.<\/p>\n<p><strong>Composici\u00f3n:<\/strong> 100% Algod\u00f3n, 320 g\/m2 | <strong>Peso:<\/strong> 320 g\/m2 | <strong>Tallas:<\/strong> XS-4XL<\/p>","protected":false},"excerpt":{"rendered":"<p>Chaqueta con cremallera hasta el cuello en la parte delantera, con solapa cortaviento interna y protector de barbilla para evitar corrientes de aire y rozaduras. Bolsillos frontales a ambos lados, en el lado izquierdo gancho interno para tarjeta de i<\/p>","protected":false},"featured_media":236818,"comment_status":"open","ping_status":"closed","template":"","meta":{"_acf_changed":false},"product_brand":[10531],"product_cat":[13998],"product_tag":[],"class_list":{"0":"post-231164","1":"product","2":"type-product","3":"status-publish","4":"has-post-thumbnail","6":"product_brand-projob","7":"product_cat-n-chaquetas","8":"tm-no-options","10":"first","11":"instock","12":"taxable","13":"shipping-taxable","14":"product-type-variable"},"acf":[],"_links":{"self":[{"href":"https:\/\/grupotextil.es\/ca\/wp-json\/wp\/v2\/product\/231164","targetHints":{"allow":["GET"]}}],"collection":[{"href":"https:\/\/grupotextil.es\/ca\/wp-json\/wp\/v2\/product"}],"about":[{"href":"https:\/\/grupotextil.es\/ca\/wp-json\/wp\/v2\/types\/product"}],"replies":[{"embeddable":true,"href":"https:\/\/grupotextil.es\/ca\/wp-json\/wp\/v2\/comments?post=231164"}],"wp:featuredmedia":[{"embeddable":true,"href":"https:\/\/grupotextil.es\/ca\/wp-json\/wp\/v2\/media\/236818"}],"wp:attachment":[{"href":"https:\/\/grupotextil.es\/ca\/wp-json\/wp\/v2\/media?parent=231164"}],"wp:term":[{"taxonomy":"product_brand","embeddable":true,"href":"https:\/\/grupotextil.es\/ca\/wp-json\/wp\/v2\/product_brand?post=231164"},{"taxonomy":"product_cat","embeddable":true,"href":"https:\/\/grupotextil.es\/ca\/wp-json\/wp\/v2\/product_cat?post=231164"},{"taxonomy":"product_tag","embeddable":true,"href":"https:\/\/grupotextil.es\/ca\/wp-json\/wp\/v2\/product_tag?post=231164"}],"curies":[{"name":"wp","href":"https:\/\/api.w.org\/{rel}","templated":true}]}}