{"id":231231,"date":"2026-03-04T07:15:54","date_gmt":"2026-03-04T06:15:54","guid":{"rendered":"https:\/\/grupotextil.es\/producto\/5428-chaqueta-acolchada\/"},"modified":"2026-04-19T04:07:05","modified_gmt":"2026-04-19T02:07:05","slug":"5428-chaqueta-acolchada","status":"publish","type":"product","link":"https:\/\/grupotextil.es\/ca\/product\/5428-chaqueta-acolchada\/","title":{"rendered":"5428 CHAQUETA ACOLCHADA"},"content":{"rendered":"<p>Chaqueta con cremallera hasta el cuello en la parte delantera, con solapa cortaviento interna y protector de barbilla para evitar corrientes de aire y rozaduras. Bolsillos frontales en ambos lados, en el lado izquierdo gancho interno para tarjeta de identificaci\u00f3n. Bolsillos laterales con cremalleras. Amplios bolsillos interiores, bolsillo para m\u00f3vil con cierre de velcro. Espalda alargada. Pu\u00f1os ajustables con velcro. Tejido fluorescente y reflectantes sobre los hombros, tambi\u00e9n ribetes reflectantes en la espalda y en los bolsillos delanteros para mayor visibilidad. El forro se puede abrir para facilitar la impresi\u00f3n y el bordado.<\/p>\n<p><strong>Composici\u00f3n:<\/strong> 65% Poli\u00e9ster, 35% Algod\u00f3n &#8211; 245 g\/m2. Forro: 100% Poli\u00e9ster | <strong>Peso:<\/strong> 245 g\/m2 | <strong>Tallas:<\/strong> XS-4XL<\/p>","protected":false},"excerpt":{"rendered":"<p>Chaqueta con cremallera hasta el cuello en la parte delantera, con solapa cortaviento interna y protector de barbilla para evitar corrientes de aire y rozaduras. Bolsillos frontales en ambos lados, en el lado izquierdo gancho interno para tarjeta de<\/p>","protected":false},"featured_media":236829,"comment_status":"open","ping_status":"closed","template":"","meta":{"_acf_changed":false},"product_brand":[10531],"product_cat":[13998],"product_tag":[],"class_list":{"0":"post-231231","1":"product","2":"type-product","3":"status-publish","4":"has-post-thumbnail","6":"product_brand-projob","7":"product_cat-n-chaquetas","8":"tm-no-options","10":"first","11":"instock","12":"taxable","13":"shipping-taxable","14":"product-type-variable"},"acf":[],"_links":{"self":[{"href":"https:\/\/grupotextil.es\/ca\/wp-json\/wp\/v2\/product\/231231","targetHints":{"allow":["GET"]}}],"collection":[{"href":"https:\/\/grupotextil.es\/ca\/wp-json\/wp\/v2\/product"}],"about":[{"href":"https:\/\/grupotextil.es\/ca\/wp-json\/wp\/v2\/types\/product"}],"replies":[{"embeddable":true,"href":"https:\/\/grupotextil.es\/ca\/wp-json\/wp\/v2\/comments?post=231231"}],"wp:featuredmedia":[{"embeddable":true,"href":"https:\/\/grupotextil.es\/ca\/wp-json\/wp\/v2\/media\/236829"}],"wp:attachment":[{"href":"https:\/\/grupotextil.es\/ca\/wp-json\/wp\/v2\/media?parent=231231"}],"wp:term":[{"taxonomy":"product_brand","embeddable":true,"href":"https:\/\/grupotextil.es\/ca\/wp-json\/wp\/v2\/product_brand?post=231231"},{"taxonomy":"product_cat","embeddable":true,"href":"https:\/\/grupotextil.es\/ca\/wp-json\/wp\/v2\/product_cat?post=231231"},{"taxonomy":"product_tag","embeddable":true,"href":"https:\/\/grupotextil.es\/ca\/wp-json\/wp\/v2\/product_tag?post=231231"}],"curies":[{"name":"wp","href":"https:\/\/api.w.org\/{rel}","templated":true}]}}