{"id":231238,"date":"2026-03-04T07:15:58","date_gmt":"2026-03-04T06:15:58","guid":{"rendered":"https:\/\/grupotextil.es\/producto\/6109-sudadera-full-zip-hv-clase-3-2\/"},"modified":"2026-04-19T04:07:05","modified_gmt":"2026-04-19T02:07:05","slug":"6109-sudadera-full-zip-hv-clase-3-2","status":"publish","type":"product","link":"https:\/\/grupotextil.es\/ca\/product\/6109-sudadera-full-zip-hv-clase-3-2\/","title":{"rendered":"6109 SUDADERA FULL ZIP HV CLASE 3\/2"},"content":{"rendered":"<p>Sudadera con cremallera completa. Color de contraste sobre hombros y en la parte baja de la espalda. Softshell el\u00e1stico en la parte inferior de la espalda para una mayor comodidad. Bolsillos laterales amplios con cremallera, tambi\u00e9n hay unos bolsillos amplios de rejilla en el interior. Pu\u00f1os adicionales en los extremos de las mangas en material softshell con agarre para el pulgar. Segmentos reflectantes a 3M, tambi\u00e9n en los hombros.<\/p>\n<p><strong>Composici\u00f3n:<\/strong> 100% poli\u00e9ster &#8211; 280 g\/m2 | <strong>Peso:<\/strong> 280 g\/m\u00b2 | <strong>Tallas:<\/strong> XS-4XL<\/p>","protected":false},"excerpt":{"rendered":"<p>Sudadera con cremallera completa. Color de contraste sobre hombros y en la parte baja de la espalda. Softshell el\u00e1stico en la parte inferior de la espalda para una mayor comodidad. Bolsillos laterales amplios con cremallera, tambi\u00e9n hay unos bolsillo<\/p>","protected":false},"featured_media":236831,"comment_status":"open","ping_status":"closed","template":"","meta":{"_acf_changed":false},"product_brand":[10531],"product_cat":[13981,13990,13974,13932,13930,13975,13935,13973],"product_tag":[],"class_list":{"0":"post-231238","1":"product","2":"type-product","3":"status-publish","4":"has-post-thumbnail","6":"product_brand-projob","7":"product_cat-h-chaquetas-y-abrigos","8":"product_cat-m-chaquetas-y-abrigos","9":"product_cat-ropa-hombre","10":"product_cat-hosteleria-horeca","11":"product_cat-laboral","12":"product_cat-ropa-mujer","13":"product_cat-pantalones-cocina","14":"product_cat-ropa","15":"tm-no-options","17":"first","18":"instock","19":"taxable","20":"shipping-taxable","21":"product-type-variable"},"acf":[],"_links":{"self":[{"href":"https:\/\/grupotextil.es\/ca\/wp-json\/wp\/v2\/product\/231238","targetHints":{"allow":["GET"]}}],"collection":[{"href":"https:\/\/grupotextil.es\/ca\/wp-json\/wp\/v2\/product"}],"about":[{"href":"https:\/\/grupotextil.es\/ca\/wp-json\/wp\/v2\/types\/product"}],"replies":[{"embeddable":true,"href":"https:\/\/grupotextil.es\/ca\/wp-json\/wp\/v2\/comments?post=231238"}],"wp:featuredmedia":[{"embeddable":true,"href":"https:\/\/grupotextil.es\/ca\/wp-json\/wp\/v2\/media\/236831"}],"wp:attachment":[{"href":"https:\/\/grupotextil.es\/ca\/wp-json\/wp\/v2\/media?parent=231238"}],"wp:term":[{"taxonomy":"product_brand","embeddable":true,"href":"https:\/\/grupotextil.es\/ca\/wp-json\/wp\/v2\/product_brand?post=231238"},{"taxonomy":"product_cat","embeddable":true,"href":"https:\/\/grupotextil.es\/ca\/wp-json\/wp\/v2\/product_cat?post=231238"},{"taxonomy":"product_tag","embeddable":true,"href":"https:\/\/grupotextil.es\/ca\/wp-json\/wp\/v2\/product_tag?post=231238"}],"curies":[{"name":"wp","href":"https:\/\/api.w.org\/{rel}","templated":true}]}}