{"id":231266,"date":"2026-03-04T07:16:16","date_gmt":"2026-03-04T06:16:16","guid":{"rendered":"https:\/\/grupotextil.es\/producto\/3520-pantalon-elastico-cordura-bicolor\/"},"modified":"2026-04-19T04:07:05","modified_gmt":"2026-04-19T02:07:05","slug":"3520-pantalon-elastico-cordura-bicolor","status":"publish","type":"product","link":"https:\/\/grupotextil.es\/ca\/product\/3520-pantalon-elastico-cordura-bicolor\/","title":{"rendered":"3520 PANTAL\u00d3N EL\u00c1STICO CORDURA BICOLOR"},"content":{"rendered":"<p>Pantal\u00f3n con gran flexibilidad. Tejido el\u00e1stico en parte trasera, entrepierna y la zona de las rodillas para proporcionar una mayor libertad de movimientos. Aberturas de ventilaci\u00f3n con cremalleras a lo largo de ambos lados de las piernas con forro de malla. Bolsillos en pierna con cremalleras a ambos lados con bolsillos exteriores para herramientas, ambos con bolsillos interiores para m\u00f3vil y gancho para  tarjeta de identificaci\u00f3n. Bolsillos desmontables para fundas sujetos con ra\u00edles ocultos inventados por PROJOB. Trabilla m\u00e1s ancha en la parte trasera para evitar la presi\u00f3n del cintur\u00f3n. Detalles reflectantes en la parte posterior de las rodillas. Extremos de las piernas ajustables con cord\u00f3n. Rodillas precurvadas. Bolsillos internos para protectores de rodilla, ajustables a dos niveles de altura. Los bolsillos y los dobladillos de las piernas est\u00e1n reforzados con Cordura\u00ae para una mayor durabilidad.<\/p>\n<p><strong>Composici\u00f3n:<\/strong> Tejido 1: 65% poli\u00e9ster, 35% algod\u00f3n. Tejido 2: 91.5% poliamida, 8.5% elastano 245 g\/m2 | <strong>Peso:<\/strong> 230 g\/m\u00b2 | <strong>Tallas:<\/strong> C44-C62<\/p>","protected":false},"excerpt":{"rendered":"<p>Pantal\u00f3n con gran flexibilidad. Tejido el\u00e1stico en parte trasera, entrepierna y la zona de las rodillas para proporcionar una mayor libertad de movimientos. Aberturas de ventilaci\u00f3n con cremalleras a lo largo de ambos lados de las piernas con forro d<\/p>","protected":false},"featured_media":236836,"comment_status":"open","ping_status":"closed","template":"","meta":{"_acf_changed":false},"product_brand":[10531],"product_cat":[13983],"product_tag":[],"class_list":{"0":"post-231266","1":"product","2":"type-product","3":"status-publish","4":"has-post-thumbnail","6":"product_brand-projob","7":"product_cat-h-pantalones","8":"tm-no-options","10":"first","11":"instock","12":"taxable","13":"shipping-taxable","14":"product-type-variable"},"acf":[],"_links":{"self":[{"href":"https:\/\/grupotextil.es\/ca\/wp-json\/wp\/v2\/product\/231266","targetHints":{"allow":["GET"]}}],"collection":[{"href":"https:\/\/grupotextil.es\/ca\/wp-json\/wp\/v2\/product"}],"about":[{"href":"https:\/\/grupotextil.es\/ca\/wp-json\/wp\/v2\/types\/product"}],"replies":[{"embeddable":true,"href":"https:\/\/grupotextil.es\/ca\/wp-json\/wp\/v2\/comments?post=231266"}],"wp:featuredmedia":[{"embeddable":true,"href":"https:\/\/grupotextil.es\/ca\/wp-json\/wp\/v2\/media\/236836"}],"wp:attachment":[{"href":"https:\/\/grupotextil.es\/ca\/wp-json\/wp\/v2\/media?parent=231266"}],"wp:term":[{"taxonomy":"product_brand","embeddable":true,"href":"https:\/\/grupotextil.es\/ca\/wp-json\/wp\/v2\/product_brand?post=231266"},{"taxonomy":"product_cat","embeddable":true,"href":"https:\/\/grupotextil.es\/ca\/wp-json\/wp\/v2\/product_cat?post=231266"},{"taxonomy":"product_tag","embeddable":true,"href":"https:\/\/grupotextil.es\/ca\/wp-json\/wp\/v2\/product_tag?post=231266"}],"curies":[{"name":"wp","href":"https:\/\/api.w.org\/{rel}","templated":true}]}}