{"id":231299,"date":"2026-03-04T07:16:39","date_gmt":"2026-03-04T06:16:39","guid":{"rendered":"https:\/\/grupotextil.es\/producto\/2031-camiseta-mujer\/"},"modified":"2026-04-19T04:07:05","modified_gmt":"2026-04-19T02:07:05","slug":"2031-camiseta-mujer","status":"publish","type":"product","link":"https:\/\/grupotextil.es\/ca\/product\/2031-camiseta-mujer\/","title":{"rendered":"2031 CAMISETA MUJER"},"content":{"rendered":"<p>Camiseta de poli\u00e9ster \u00abspun dyed\u00bb. Cuello y costura del hombro reforzados. El material funcional transporta r\u00e1pidamente la humedad lejos de la piel. Esto significa que la prenda se seca r\u00e1pidamente, manteni\u00e9ndote fresco y seco todo el d\u00eda. Resistente al encogimiento y a las arrugas.<\/p>\n<p><strong>Composici\u00f3n:<\/strong> 100% poli\u00e9ster, 135g\/m2 | <strong>Peso:<\/strong> 135 g\/m2 | <strong>Tallas:<\/strong> XS-3XL<\/p>","protected":false},"excerpt":{"rendered":"<p>Camiseta de poli\u00e9ster \u00abspun dyed\u00bb. Cuello y costura del hombro reforzados. El material funcional transporta r\u00e1pidamente la humedad lejos de la piel. Esto significa que la prenda se seca r\u00e1pidamente, manteni\u00e9ndote fresco y seco todo el d\u00eda. Resistente<\/p>","protected":false},"featured_media":236842,"comment_status":"open","ping_status":"closed","template":"","meta":{"_acf_changed":false},"product_brand":[10531],"product_cat":[13990,13981,13974,13932,13930,13975,13935,13973],"product_tag":[],"class_list":{"0":"post-231299","1":"product","2":"type-product","3":"status-publish","4":"has-post-thumbnail","6":"product_brand-projob","7":"product_cat-m-chaquetas-y-abrigos","8":"product_cat-h-chaquetas-y-abrigos","9":"product_cat-ropa-hombre","10":"product_cat-hosteleria-horeca","11":"product_cat-laboral","12":"product_cat-ropa-mujer","13":"product_cat-pantalones-cocina","14":"product_cat-ropa","15":"tm-no-options","17":"first","18":"instock","19":"taxable","20":"shipping-taxable","21":"product-type-variable"},"acf":[],"_links":{"self":[{"href":"https:\/\/grupotextil.es\/ca\/wp-json\/wp\/v2\/product\/231299","targetHints":{"allow":["GET"]}}],"collection":[{"href":"https:\/\/grupotextil.es\/ca\/wp-json\/wp\/v2\/product"}],"about":[{"href":"https:\/\/grupotextil.es\/ca\/wp-json\/wp\/v2\/types\/product"}],"replies":[{"embeddable":true,"href":"https:\/\/grupotextil.es\/ca\/wp-json\/wp\/v2\/comments?post=231299"}],"wp:featuredmedia":[{"embeddable":true,"href":"https:\/\/grupotextil.es\/ca\/wp-json\/wp\/v2\/media\/236842"}],"wp:attachment":[{"href":"https:\/\/grupotextil.es\/ca\/wp-json\/wp\/v2\/media?parent=231299"}],"wp:term":[{"taxonomy":"product_brand","embeddable":true,"href":"https:\/\/grupotextil.es\/ca\/wp-json\/wp\/v2\/product_brand?post=231299"},{"taxonomy":"product_cat","embeddable":true,"href":"https:\/\/grupotextil.es\/ca\/wp-json\/wp\/v2\/product_cat?post=231299"},{"taxonomy":"product_tag","embeddable":true,"href":"https:\/\/grupotextil.es\/ca\/wp-json\/wp\/v2\/product_tag?post=231299"}],"curies":[{"name":"wp","href":"https:\/\/api.w.org\/{rel}","templated":true}]}}