{"id":231328,"date":"2026-03-04T07:16:57","date_gmt":"2026-03-04T06:16:57","guid":{"rendered":"https:\/\/grupotextil.es\/producto\/collective-padded-sports-bra-w\/"},"modified":"2026-04-19T04:07:05","modified_gmt":"2026-04-19T02:07:05","slug":"collective-padded-sports-bra-w","status":"publish","type":"product","link":"https:\/\/grupotextil.es\/ca\/product\/collective-padded-sports-bra-w\/","title":{"rendered":"Collective Padded Sports Bra W"},"content":{"rendered":"<p>El Collective Padded es un sujetador deportivo acolchado excepcionalmente suave y el\u00e1stico que pasa sin esfuerzo de las sesiones de entrenamiento a la vida cotidiana, lo que garantiza que te sientas c\u00f3moda durante todo el d\u00eda.<\/p>\n<p>Dise\u00f1ado para ofrecer la m\u00e1xima comodidad, este vers\u00e1til sujetador deportivo est\u00e1 confeccionado con una mezcla de poli\u00e9ster el\u00e1stico con una superficie aterciopelada, que ofrece una sensaci\u00f3n lujosamente suave, un excelente control de la temperatura corporal y una gran sujeci\u00f3n. El sujetador deportivo tambi\u00e9n cuenta con copas acolchadas cosidas, forro funcional en la parte delantera y dobladillos unidos para un tacto suave contra la piel. Una manifestaci\u00f3n de maestr\u00eda artesanal en cada detalle.<\/p>\n<p>\u2022 Tejido muy ligero y el\u00e1stico confeccionado con poli\u00e9ster reciclado y elastano<\/p>\n<p>\u2022 Superficie aterciopelada<\/p>\n<p>\u2022 Forro funcional en la parte delantera<\/p>\n<p>\u2022 Copas acolchadas cosidas<\/p>\n<p>\u2022 Dobladillos unidos<\/p>\n<p>\u2022 Soporte en la parte inferior<\/p>\n<p><strong>Composici\u00f3n:<\/strong> Body 77% Polyester Recycled, 23% Elastane, Lining 88% Polyester Recycled, 12% Elastane | <strong>Tallas:<\/strong> XS-XXL<\/p>","protected":false},"excerpt":{"rendered":"<p>El Collective Padded es un sujetador deportivo acolchado excepcionalmente suave y el\u00e1stico que pasa sin esfuerzo de las sesiones de entrenamiento a la vida cotidiana, lo que garantiza que te sientas c\u00f3moda durante todo el d\u00eda.<\/p>","protected":false},"featured_media":236848,"comment_status":"open","ping_status":"closed","template":"","meta":{"_acf_changed":false},"product_brand":[10489],"product_cat":[13977,13986,13981,13990,13974,13932,13930,13975,13935,13973],"product_tag":[],"class_list":{"0":"post-231328","1":"product","2":"type-product","3":"status-publish","4":"has-post-thumbnail","6":"product_brand-craft","7":"product_cat-h-camisetas-manga-corta","8":"product_cat-m-camisetas-manga-corta","9":"product_cat-h-chaquetas-y-abrigos","10":"product_cat-m-chaquetas-y-abrigos","11":"product_cat-ropa-hombre","12":"product_cat-hosteleria-horeca","13":"product_cat-laboral","14":"product_cat-ropa-mujer","15":"product_cat-pantalones-cocina","16":"product_cat-ropa","17":"tm-no-options","19":"first","20":"instock","21":"taxable","22":"shipping-taxable","23":"product-type-variable"},"acf":[],"_links":{"self":[{"href":"https:\/\/grupotextil.es\/ca\/wp-json\/wp\/v2\/product\/231328","targetHints":{"allow":["GET"]}}],"collection":[{"href":"https:\/\/grupotextil.es\/ca\/wp-json\/wp\/v2\/product"}],"about":[{"href":"https:\/\/grupotextil.es\/ca\/wp-json\/wp\/v2\/types\/product"}],"replies":[{"embeddable":true,"href":"https:\/\/grupotextil.es\/ca\/wp-json\/wp\/v2\/comments?post=231328"}],"wp:featuredmedia":[{"embeddable":true,"href":"https:\/\/grupotextil.es\/ca\/wp-json\/wp\/v2\/media\/236848"}],"wp:attachment":[{"href":"https:\/\/grupotextil.es\/ca\/wp-json\/wp\/v2\/media?parent=231328"}],"wp:term":[{"taxonomy":"product_brand","embeddable":true,"href":"https:\/\/grupotextil.es\/ca\/wp-json\/wp\/v2\/product_brand?post=231328"},{"taxonomy":"product_cat","embeddable":true,"href":"https:\/\/grupotextil.es\/ca\/wp-json\/wp\/v2\/product_cat?post=231328"},{"taxonomy":"product_tag","embeddable":true,"href":"https:\/\/grupotextil.es\/ca\/wp-json\/wp\/v2\/product_tag?post=231328"}],"curies":[{"name":"wp","href":"https:\/\/api.w.org\/{rel}","templated":true}]}}