{"id":231359,"date":"2026-03-04T07:17:19","date_gmt":"2026-03-04T06:17:19","guid":{"rendered":"https:\/\/grupotextil.es\/producto\/collective-cropped-singlet-w\/"},"modified":"2026-04-19T04:07:06","modified_gmt":"2026-04-19T02:07:06","slug":"collective-cropped-singlet-w","status":"publish","type":"product","link":"https:\/\/grupotextil.es\/ca\/product\/collective-cropped-singlet-w\/","title":{"rendered":"Collective Cropped Singlet W"},"content":{"rendered":"<p>La Collective Cropped Singlet es una camiseta de entrenamiento de tirantes excepcionalmente suave y el\u00e1stica con un dise\u00f1o atemporal que se adapta sin esfuerzo de las sesiones de entrenamiento a la vida cotidiana, lo que garantiza tu comodidad y elegancia durante todo el d\u00eda.<\/p>\n<p>Dise\u00f1adas para ofrecer la m\u00e1xima comodidad, esta vers\u00e1til prenda de entrenamiento est\u00e1 confeccionada con una mezcla de poli\u00e9ster el\u00e1stico con una superficie aterciopelada, que ofrece una sensaci\u00f3n lujosamente suave, un excelente control de la temperatura corporal y una gran capacidad de contracci\u00f3n. La camiseta tambi\u00e9n presenta un corte corto y tirantes cruzados en la espalda. Una manifestaci\u00f3n de maestr\u00eda artesanal en cada detalle.<\/p>\n<p>\u2022 Tejido muy ligero y el\u00e1stico confeccionado con poli\u00e9ster reciclado y elastano<\/p>\n<p>\u2022 Superficie aterciopelada<\/p>\n<p>\u2022 Tirantes cruzados en la espalda<\/p>\n<p>\u2022 Tight fit, corto<\/p>\n<p><strong>Composici\u00f3n:<\/strong> Body 77% Polyester Recycled, 23% Elastane, Lining Body 77% Polyester Recycled, 23% Elastane | <strong>Tallas:<\/strong> XS-XXL<\/p>","protected":false},"excerpt":{"rendered":"<p>La Collective Cropped Singlet es una camiseta de entrenamiento de tirantes excepcionalmente suave y el\u00e1stica con un dise\u00f1o atemporal que se adapta sin esfuerzo de las sesiones de entrenamiento a la vida cotidiana, lo que garantiza tu comodidad y eleg<\/p>","protected":false},"featured_media":236855,"comment_status":"open","ping_status":"closed","template":"","meta":{"_acf_changed":false},"product_brand":[10489],"product_cat":[13986,13977,13981,13990,13974,13932,13930,13975,13935,13973],"product_tag":[],"class_list":{"0":"post-231359","1":"product","2":"type-product","3":"status-publish","4":"has-post-thumbnail","6":"product_brand-craft","7":"product_cat-m-camisetas-manga-corta","8":"product_cat-h-camisetas-manga-corta","9":"product_cat-h-chaquetas-y-abrigos","10":"product_cat-m-chaquetas-y-abrigos","11":"product_cat-ropa-hombre","12":"product_cat-hosteleria-horeca","13":"product_cat-laboral","14":"product_cat-ropa-mujer","15":"product_cat-pantalones-cocina","16":"product_cat-ropa","17":"tm-no-options","19":"first","20":"instock","21":"taxable","22":"shipping-taxable","23":"product-type-variable"},"acf":[],"_links":{"self":[{"href":"https:\/\/grupotextil.es\/ca\/wp-json\/wp\/v2\/product\/231359","targetHints":{"allow":["GET"]}}],"collection":[{"href":"https:\/\/grupotextil.es\/ca\/wp-json\/wp\/v2\/product"}],"about":[{"href":"https:\/\/grupotextil.es\/ca\/wp-json\/wp\/v2\/types\/product"}],"replies":[{"embeddable":true,"href":"https:\/\/grupotextil.es\/ca\/wp-json\/wp\/v2\/comments?post=231359"}],"wp:featuredmedia":[{"embeddable":true,"href":"https:\/\/grupotextil.es\/ca\/wp-json\/wp\/v2\/media\/236855"}],"wp:attachment":[{"href":"https:\/\/grupotextil.es\/ca\/wp-json\/wp\/v2\/media?parent=231359"}],"wp:term":[{"taxonomy":"product_brand","embeddable":true,"href":"https:\/\/grupotextil.es\/ca\/wp-json\/wp\/v2\/product_brand?post=231359"},{"taxonomy":"product_cat","embeddable":true,"href":"https:\/\/grupotextil.es\/ca\/wp-json\/wp\/v2\/product_cat?post=231359"},{"taxonomy":"product_tag","embeddable":true,"href":"https:\/\/grupotextil.es\/ca\/wp-json\/wp\/v2\/product_tag?post=231359"}],"curies":[{"name":"wp","href":"https:\/\/api.w.org\/{rel}","templated":true}]}}