{"id":231372,"date":"2026-03-04T07:17:26","date_gmt":"2026-03-04T06:17:26","guid":{"rendered":"https:\/\/grupotextil.es\/producto\/yb55-jacquard-regular\/"},"modified":"2026-04-19T04:07:06","modified_gmt":"2026-04-19T02:07:06","slug":"yb55-jacquard-regular","status":"publish","type":"product","link":"https:\/\/grupotextil.es\/ca\/product\/yb55-jacquard-regular\/","title":{"rendered":"YB55 Jacquard Regular"},"content":{"rendered":"<p>Camisa con microestampado en tejido Jacquard con mezcla de algod\u00f3n org\u00e1nico y poli\u00e9ster reciclado. Cuello con bot\u00f3n oculto y discretos detalles a contraste en tapeta y hilo de los botones. Camisa lisa con una sutil estructura dobby combinada con cuello y pu\u00f1os suaves que le proporcionan un aspecto elegante y moderno. El tacto suave como la seda gracias al Lyocell y el incre\u00edble efecto el\u00e1stico para su comodidad ejemplifican una camisa de gran prestancia. Tratamiento EasyCare.<\/p>\n<p><strong>Composici\u00f3n:<\/strong> Tejido jacquard, microestampado, 60 % algod\u00f3n org\u00e1nico \/ 40% poli\u00e9ster reciclado, 120 g\/m\u00b2. Tratamiento Easy Care. Suave pu\u00f1o con orificio para gemelos. Botones de 4 mm de grosor. | <strong>Tallas:<\/strong> S-5XL<\/p>","protected":false},"excerpt":{"rendered":"<p>Camisa con microestampado en tejido Jacquard con mezcla de algod\u00f3n org\u00e1nico y poli\u00e9ster reciclado. Cuello con bot\u00f3n oculto y discretos detalles a contraste en tapeta y hilo de los botones. Camisa lisa con una sutil estructura dobby combinada con cuel<\/p>","protected":false},"featured_media":236857,"comment_status":"open","ping_status":"closed","template":"","meta":{"_acf_changed":false},"product_brand":[10563],"product_cat":[13995],"product_tag":[],"class_list":{"0":"post-231372","1":"product","2":"type-product","3":"status-publish","4":"has-post-thumbnail","6":"product_brand-j-harvest-frost","7":"product_cat-n-camisetas","8":"tm-no-options","10":"first","11":"instock","12":"taxable","13":"shipping-taxable","14":"product-type-variable"},"acf":[],"_links":{"self":[{"href":"https:\/\/grupotextil.es\/ca\/wp-json\/wp\/v2\/product\/231372","targetHints":{"allow":["GET"]}}],"collection":[{"href":"https:\/\/grupotextil.es\/ca\/wp-json\/wp\/v2\/product"}],"about":[{"href":"https:\/\/grupotextil.es\/ca\/wp-json\/wp\/v2\/types\/product"}],"replies":[{"embeddable":true,"href":"https:\/\/grupotextil.es\/ca\/wp-json\/wp\/v2\/comments?post=231372"}],"wp:featuredmedia":[{"embeddable":true,"href":"https:\/\/grupotextil.es\/ca\/wp-json\/wp\/v2\/media\/236857"}],"wp:attachment":[{"href":"https:\/\/grupotextil.es\/ca\/wp-json\/wp\/v2\/media?parent=231372"}],"wp:term":[{"taxonomy":"product_brand","embeddable":true,"href":"https:\/\/grupotextil.es\/ca\/wp-json\/wp\/v2\/product_brand?post=231372"},{"taxonomy":"product_cat","embeddable":true,"href":"https:\/\/grupotextil.es\/ca\/wp-json\/wp\/v2\/product_cat?post=231372"},{"taxonomy":"product_tag","embeddable":true,"href":"https:\/\/grupotextil.es\/ca\/wp-json\/wp\/v2\/product_tag?post=231372"}],"curies":[{"name":"wp","href":"https:\/\/api.w.org\/{rel}","templated":true}]}}