{"id":231408,"date":"2026-03-04T07:17:49","date_gmt":"2026-03-04T06:17:49","guid":{"rendered":"https:\/\/grupotextil.es\/producto\/2133-sudadera-con-capucha\/"},"modified":"2026-04-19T04:07:06","modified_gmt":"2026-04-19T02:07:06","slug":"2133-sudadera-con-capucha","status":"publish","type":"product","link":"https:\/\/grupotextil.es\/ca\/product\/2133-sudadera-con-capucha\/","title":{"rendered":"2133 SUDADERA CON CAPUCHA"},"content":{"rendered":"<p>Chaqueta con capucha con cremallera completa hasta el cuello en la parte delantera. Capucha ajustable con cord\u00f3n. Bolsillos laterales abiertos. Pu\u00f1os de canal\u00e9 en la parte inferior y en el extremo de la manga.<\/p>\n<p><strong>Composici\u00f3n:<\/strong> 100% Poli\u00e9ster &#8211; 280 g\/m2 | <strong>Peso:<\/strong> 280 g\/m2 | <strong>Tallas:<\/strong> XS-4XL<\/p>","protected":false},"excerpt":{"rendered":"<p>Chaqueta con capucha con cremallera completa hasta el cuello en la parte delantera. Capucha ajustable con cord\u00f3n. Bolsillos laterales abiertos. Pu\u00f1os de canal\u00e9 en la parte inferior y en el extremo de la manga.<\/p>","protected":false},"featured_media":236864,"comment_status":"open","ping_status":"closed","template":"","meta":{"_acf_changed":false},"product_brand":[10531],"product_cat":[13990,13981,13974,13932,13930,13975,13935,13973],"product_tag":[],"class_list":{"0":"post-231408","1":"product","2":"type-product","3":"status-publish","4":"has-post-thumbnail","6":"product_brand-projob","7":"product_cat-m-chaquetas-y-abrigos","8":"product_cat-h-chaquetas-y-abrigos","9":"product_cat-ropa-hombre","10":"product_cat-hosteleria-horeca","11":"product_cat-laboral","12":"product_cat-ropa-mujer","13":"product_cat-pantalones-cocina","14":"product_cat-ropa","15":"tm-no-options","17":"first","18":"instock","19":"taxable","20":"shipping-taxable","21":"product-type-variable"},"acf":[],"_links":{"self":[{"href":"https:\/\/grupotextil.es\/ca\/wp-json\/wp\/v2\/product\/231408","targetHints":{"allow":["GET"]}}],"collection":[{"href":"https:\/\/grupotextil.es\/ca\/wp-json\/wp\/v2\/product"}],"about":[{"href":"https:\/\/grupotextil.es\/ca\/wp-json\/wp\/v2\/types\/product"}],"replies":[{"embeddable":true,"href":"https:\/\/grupotextil.es\/ca\/wp-json\/wp\/v2\/comments?post=231408"}],"wp:featuredmedia":[{"embeddable":true,"href":"https:\/\/grupotextil.es\/ca\/wp-json\/wp\/v2\/media\/236864"}],"wp:attachment":[{"href":"https:\/\/grupotextil.es\/ca\/wp-json\/wp\/v2\/media?parent=231408"}],"wp:term":[{"taxonomy":"product_brand","embeddable":true,"href":"https:\/\/grupotextil.es\/ca\/wp-json\/wp\/v2\/product_brand?post=231408"},{"taxonomy":"product_cat","embeddable":true,"href":"https:\/\/grupotextil.es\/ca\/wp-json\/wp\/v2\/product_cat?post=231408"},{"taxonomy":"product_tag","embeddable":true,"href":"https:\/\/grupotextil.es\/ca\/wp-json\/wp\/v2\/product_tag?post=231408"}],"curies":[{"name":"wp","href":"https:\/\/api.w.org\/{rel}","templated":true}]}}