{"id":231420,"date":"2026-03-04T07:17:56","date_gmt":"2026-03-04T06:17:56","guid":{"rendered":"https:\/\/grupotextil.es\/producto\/5574-pantalon-elastico\/"},"modified":"2026-04-19T04:07:06","modified_gmt":"2026-04-19T02:07:06","slug":"5574-pantalon-elastico","status":"publish","type":"product","link":"https:\/\/grupotextil.es\/ca\/product\/5574-pantalon-elastico\/","title":{"rendered":"5574 PANTAL\u00d3N EL\u00c1STICO"},"content":{"rendered":"<p>Pantal\u00f3n el\u00e1stico con gran flexibilidad. Panel el\u00e1stico de 4 direcciones en la entrepierna para mayor comodidad. Bolsillos laterales. Bolsillos traseros con solapa y cierre de velcro. Bolsillo para cinta m\u00e9trica y bolsillo con bot\u00f3n para herramientas. Dos trabillas para martillo, una a cada lado. Ribete reflectante en el exterior de las piernas. Rodillas precurvadas con bolsillos interiores para protecci\u00f3n en rodillas, ajustables a dos niveles de altura. Refuerzos en el bolsillo de la cinta m\u00e9trica y sobre las rodillas para una mayor durabilidad. Las tallas C42-C64 pueden alargarse 5 cm.<\/p>\n<p><strong>Composici\u00f3n:<\/strong> Tejido 1: 63% Poli\u00e9ster, 35% Algod\u00f3n, 2% Spandex &#8211; 245 g\/m2 Refuerzos: 100% Poli\u00e9ster | <strong>Peso:<\/strong> 245 g\/m2 | <strong>Tallas:<\/strong> C42-D120<\/p>","protected":false},"excerpt":{"rendered":"<p>Pantal\u00f3n el\u00e1stico con gran flexibilidad. Panel el\u00e1stico de 4 direcciones en la entrepierna para mayor comodidad. Bolsillos laterales. Bolsillos traseros con solapa y cierre de velcro. Bolsillo para cinta m\u00e9trica y bolsillo con bot\u00f3n para herramientas<\/p>","protected":false},"featured_media":236866,"comment_status":"open","ping_status":"closed","template":"","meta":{"_acf_changed":false},"product_brand":[10531],"product_cat":[13983],"product_tag":[],"class_list":{"0":"post-231420","1":"product","2":"type-product","3":"status-publish","4":"has-post-thumbnail","6":"product_brand-projob","7":"product_cat-h-pantalones","8":"tm-no-options","10":"first","11":"instock","12":"taxable","13":"shipping-taxable","14":"product-type-variable"},"acf":[],"_links":{"self":[{"href":"https:\/\/grupotextil.es\/ca\/wp-json\/wp\/v2\/product\/231420","targetHints":{"allow":["GET"]}}],"collection":[{"href":"https:\/\/grupotextil.es\/ca\/wp-json\/wp\/v2\/product"}],"about":[{"href":"https:\/\/grupotextil.es\/ca\/wp-json\/wp\/v2\/types\/product"}],"replies":[{"embeddable":true,"href":"https:\/\/grupotextil.es\/ca\/wp-json\/wp\/v2\/comments?post=231420"}],"wp:featuredmedia":[{"embeddable":true,"href":"https:\/\/grupotextil.es\/ca\/wp-json\/wp\/v2\/media\/236866"}],"wp:attachment":[{"href":"https:\/\/grupotextil.es\/ca\/wp-json\/wp\/v2\/media?parent=231420"}],"wp:term":[{"taxonomy":"product_brand","embeddable":true,"href":"https:\/\/grupotextil.es\/ca\/wp-json\/wp\/v2\/product_brand?post=231420"},{"taxonomy":"product_cat","embeddable":true,"href":"https:\/\/grupotextil.es\/ca\/wp-json\/wp\/v2\/product_cat?post=231420"},{"taxonomy":"product_tag","embeddable":true,"href":"https:\/\/grupotextil.es\/ca\/wp-json\/wp\/v2\/product_tag?post=231420"}],"curies":[{"name":"wp","href":"https:\/\/api.w.org\/{rel}","templated":true}]}}