{"id":231507,"date":"2026-03-04T07:18:51","date_gmt":"2026-03-04T06:18:51","guid":{"rendered":"https:\/\/grupotextil.es\/producto\/6538-pantalon-elastico-mujer-clase-1\/"},"modified":"2026-04-19T04:07:07","modified_gmt":"2026-04-19T02:07:07","slug":"6538-pantalon-elastico-mujer-clase-1","status":"publish","type":"product","link":"https:\/\/grupotextil.es\/ca\/product\/6538-pantalon-elastico-mujer-clase-1\/","title":{"rendered":"6538 PANTAL\u00d3N EL\u00c1STICO MUJER CLASE 1"},"content":{"rendered":"<p>Pantal\u00f3n con gran flexibilidad. Tejido el\u00e1stico en zona lumbar, entrepierna y rodilla para proporcionar una mayor libertad de movimiento y para mayor comodidad. Aberturas de ventilaci\u00f3n con cremalleras a lo largo de ambos lados de la pierna con forro de malla. Bolsillos con cierre de cremallera en ambos lados con bolsillos exteriores para herramientas, ambos lados con bolsillo interior para m\u00f3vil y  trabillas interiores para sujetar la tarjeta de identificaci\u00f3n. En el lado derecho bolsillo para cinta m\u00e9trica y bolsillo para herramientas. Trabilla m\u00e1s ancha en la parte trasera para evitar la presi\u00f3n del cintur\u00f3n. Fijaci\u00f3n oculta para bolsillos funda (ref. art\u00edculo 9042). Rodillas precurvadas. Bolsillos interiores para protecci\u00f3n de rodillas ajustables a dos niveles de altura. Deshaciendo la costura roja del dobladillo, el pantal\u00f3n puede alargarse 5 cm.<\/p>\n<p><strong>Composici\u00f3n:<\/strong> Tejido 1: 65% Poli\u00e9ster 35% Algod\u00f3n &#8211; 235 g\/m2 Tejido 2: 91,5% Nylon, 8,5% Spandex &#8211; 245 g\/m2  Tejido 3: 91% Nylon, 9% Spandex &#8211; 248 g\/m2 | <strong>Tallas:<\/strong> C34-C50<\/p>","protected":false},"excerpt":{"rendered":"<p>Pantal\u00f3n con gran flexibilidad. Tejido el\u00e1stico en zona lumbar, entrepierna y rodilla para proporcionar una mayor libertad de movimiento y para mayor comodidad. Aberturas de ventilaci\u00f3n con cremalleras a lo largo de ambos lados de la pierna con forro<\/p>","protected":false},"featured_media":236881,"comment_status":"open","ping_status":"closed","template":"","meta":{"_acf_changed":false},"product_brand":[10531],"product_cat":[13983],"product_tag":[],"class_list":{"0":"post-231507","1":"product","2":"type-product","3":"status-publish","4":"has-post-thumbnail","6":"product_brand-projob","7":"product_cat-h-pantalones","8":"tm-no-options","10":"first","11":"instock","12":"taxable","13":"shipping-taxable","14":"product-type-variable"},"acf":[],"_links":{"self":[{"href":"https:\/\/grupotextil.es\/ca\/wp-json\/wp\/v2\/product\/231507","targetHints":{"allow":["GET"]}}],"collection":[{"href":"https:\/\/grupotextil.es\/ca\/wp-json\/wp\/v2\/product"}],"about":[{"href":"https:\/\/grupotextil.es\/ca\/wp-json\/wp\/v2\/types\/product"}],"replies":[{"embeddable":true,"href":"https:\/\/grupotextil.es\/ca\/wp-json\/wp\/v2\/comments?post=231507"}],"wp:featuredmedia":[{"embeddable":true,"href":"https:\/\/grupotextil.es\/ca\/wp-json\/wp\/v2\/media\/236881"}],"wp:attachment":[{"href":"https:\/\/grupotextil.es\/ca\/wp-json\/wp\/v2\/media?parent=231507"}],"wp:term":[{"taxonomy":"product_brand","embeddable":true,"href":"https:\/\/grupotextil.es\/ca\/wp-json\/wp\/v2\/product_brand?post=231507"},{"taxonomy":"product_cat","embeddable":true,"href":"https:\/\/grupotextil.es\/ca\/wp-json\/wp\/v2\/product_cat?post=231507"},{"taxonomy":"product_tag","embeddable":true,"href":"https:\/\/grupotextil.es\/ca\/wp-json\/wp\/v2\/product_tag?post=231507"}],"curies":[{"name":"wp","href":"https:\/\/api.w.org\/{rel}","templated":true}]}}