{"id":231514,"date":"2026-03-04T07:18:55","date_gmt":"2026-03-04T06:18:55","guid":{"rendered":"https:\/\/grupotextil.es\/producto\/supreme-stretch-polo\/"},"modified":"2026-04-19T04:07:07","modified_gmt":"2026-04-19T02:07:07","slug":"supreme-stretch-polo","status":"publish","type":"product","link":"https:\/\/grupotextil.es\/ca\/product\/supreme-stretch-polo\/","title":{"rendered":"Supreme Stretch Polo"},"content":{"rendered":"<p>El polo Supreme Stretch est\u00e1 confeccionado con un 95 % de algod\u00f3n org\u00e1nico de fibra larga y un 5 % de elastano, en una calidad piqu\u00e9 cl\u00e1sica. Las mangas acanaladas, el cuello acanalado, las aberturas laterales y la tapeta m\u00e1s ancha le dan a este polo un aspecto muy cl\u00e1sico y elegante. Las mangas acanaladas y el cuello acanalado tienen un sutil detalle de punto jacquard. El tejido est\u00e1 doblemente preencogido, lavado con enzimas y ha recibido un tratamiento de silicona para garantizar una calidad duradera y crear un tacto suave.<\/p>\n<p><strong>Composici\u00f3n:<\/strong> 95% Algod\u00f3n Organico, 5% Elastano | <strong>Peso:<\/strong> 220 g\/m\u00b2 | <strong>Tallas:<\/strong> S-4XL<\/p>","protected":false},"excerpt":{"rendered":"<p>El polo Supreme Stretch est\u00e1 confeccionado con un 95 % de algod\u00f3n org\u00e1nico de fibra larga y un 5 % de elastano, en una calidad piqu\u00e9 cl\u00e1sica. Las mangas acanaladas, el cuello acanalado, las aberturas laterales y la tapeta m\u00e1s ancha le dan a este polo<\/p>","protected":false},"featured_media":236883,"comment_status":"open","ping_status":"closed","template":"","meta":{"_acf_changed":false},"product_brand":[10521],"product_cat":[15147],"product_tag":[],"class_list":{"0":"post-231514","1":"product","2":"type-product","3":"status-publish","4":"has-post-thumbnail","6":"product_brand-james-harvest","7":"product_cat-new-wave","8":"tm-no-options","10":"first","11":"instock","12":"taxable","13":"shipping-taxable","14":"product-type-variable"},"acf":[],"_links":{"self":[{"href":"https:\/\/grupotextil.es\/ca\/wp-json\/wp\/v2\/product\/231514","targetHints":{"allow":["GET"]}}],"collection":[{"href":"https:\/\/grupotextil.es\/ca\/wp-json\/wp\/v2\/product"}],"about":[{"href":"https:\/\/grupotextil.es\/ca\/wp-json\/wp\/v2\/types\/product"}],"replies":[{"embeddable":true,"href":"https:\/\/grupotextil.es\/ca\/wp-json\/wp\/v2\/comments?post=231514"}],"wp:featuredmedia":[{"embeddable":true,"href":"https:\/\/grupotextil.es\/ca\/wp-json\/wp\/v2\/media\/236883"}],"wp:attachment":[{"href":"https:\/\/grupotextil.es\/ca\/wp-json\/wp\/v2\/media?parent=231514"}],"wp:term":[{"taxonomy":"product_brand","embeddable":true,"href":"https:\/\/grupotextil.es\/ca\/wp-json\/wp\/v2\/product_brand?post=231514"},{"taxonomy":"product_cat","embeddable":true,"href":"https:\/\/grupotextil.es\/ca\/wp-json\/wp\/v2\/product_cat?post=231514"},{"taxonomy":"product_tag","embeddable":true,"href":"https:\/\/grupotextil.es\/ca\/wp-json\/wp\/v2\/product_tag?post=231514"}],"curies":[{"name":"wp","href":"https:\/\/api.w.org\/{rel}","templated":true}]}}