{"id":231601,"date":"2026-03-04T07:19:57","date_gmt":"2026-03-04T06:19:57","guid":{"rendered":"https:\/\/grupotextil.es\/producto\/frequent-polo-shirt-m\/"},"modified":"2026-04-19T04:07:07","modified_gmt":"2026-04-19T02:07:07","slug":"frequent-polo-shirt-m","status":"publish","type":"product","link":"https:\/\/grupotextil.es\/ca\/product\/frequent-polo-shirt-m\/","title":{"rendered":"Frequent Polo Shirt M"},"content":{"rendered":"<p>El polo Frequent es un b\u00e1sico informal dise\u00f1ado para el d\u00eda a d\u00eda, que ofrece un toque moderno a un b\u00e1sico cl\u00e1sico.<\/p>\n<p>Confeccionada con algod\u00f3n 100\u00a0% org\u00e1nico de alto gramaje, proporciona una comodidad excepcional y una calidad duradera. Con su corte relajado y su cuello limpio y sin botones, logra un equilibrio entre la comodidad relajada y el estilo refinado, perfecto para vestir sin esfuerzo y de forma contempor\u00e1nea. Puede encoger hasta un 5\u00a0%.<\/p>\n<p>\u2022 Tejido grueso de algod\u00f3n 100\u00a0% org\u00e1nico (300 gsm)<\/p>\n<p>\u2022 Cuello sin botones<\/p>\n<p>\u2022 Ajuste relajado<\/p>\n<p><strong>Composici\u00f3n:<\/strong> 100% Cotton Organic | <strong>Tallas:<\/strong> XS-3XL<\/p>","protected":false},"excerpt":{"rendered":"<p>El polo Frequent es un b\u00e1sico informal dise\u00f1ado para el d\u00eda a d\u00eda, que ofrece un toque moderno a un b\u00e1sico cl\u00e1sico.<\/p>","protected":false},"featured_media":236899,"comment_status":"open","ping_status":"closed","template":"","meta":{"_acf_changed":false},"product_brand":[10489],"product_cat":[15147],"product_tag":[],"class_list":{"0":"post-231601","1":"product","2":"type-product","3":"status-publish","4":"has-post-thumbnail","6":"product_brand-craft","7":"product_cat-new-wave","8":"tm-no-options","10":"first","11":"instock","12":"taxable","13":"shipping-taxable","14":"product-type-variable"},"acf":[],"_links":{"self":[{"href":"https:\/\/grupotextil.es\/ca\/wp-json\/wp\/v2\/product\/231601","targetHints":{"allow":["GET"]}}],"collection":[{"href":"https:\/\/grupotextil.es\/ca\/wp-json\/wp\/v2\/product"}],"about":[{"href":"https:\/\/grupotextil.es\/ca\/wp-json\/wp\/v2\/types\/product"}],"replies":[{"embeddable":true,"href":"https:\/\/grupotextil.es\/ca\/wp-json\/wp\/v2\/comments?post=231601"}],"wp:featuredmedia":[{"embeddable":true,"href":"https:\/\/grupotextil.es\/ca\/wp-json\/wp\/v2\/media\/236899"}],"wp:attachment":[{"href":"https:\/\/grupotextil.es\/ca\/wp-json\/wp\/v2\/media?parent=231601"}],"wp:term":[{"taxonomy":"product_brand","embeddable":true,"href":"https:\/\/grupotextil.es\/ca\/wp-json\/wp\/v2\/product_brand?post=231601"},{"taxonomy":"product_cat","embeddable":true,"href":"https:\/\/grupotextil.es\/ca\/wp-json\/wp\/v2\/product_cat?post=231601"},{"taxonomy":"product_tag","embeddable":true,"href":"https:\/\/grupotextil.es\/ca\/wp-json\/wp\/v2\/product_tag?post=231601"}],"curies":[{"name":"wp","href":"https:\/\/api.w.org\/{rel}","templated":true}]}}