{"id":231656,"date":"2026-03-04T07:20:36","date_gmt":"2026-03-04T06:20:36","guid":{"rendered":"https:\/\/grupotextil.es\/producto\/2121-sudadera-cremallera-entera\/"},"modified":"2026-04-19T04:07:07","modified_gmt":"2026-04-19T02:07:07","slug":"2121-sudadera-cremallera-entera","status":"publish","type":"product","link":"https:\/\/grupotextil.es\/ca\/product\/2121-sudadera-cremallera-entera\/","title":{"rendered":"2121 SUDADERA CREMALLERA ENTERA"},"content":{"rendered":"<p>Sudadera con refuerzos en softshell en las zonas expuestas, como las axilas y los bolsillos laterales, para una mayor durabilidad. Tejido suave y c\u00f3modo afelpado. Costuras a contraste. Bolsillos laterales con cremallera. Dobladillo y pu\u00f1os de punto el\u00e1stico.<\/p>\n<p><strong>Composici\u00f3n:<\/strong> 55% poli\u00e9ster, 45% algod\u00f3n, 260 g\/m2. Refuerzos 100% poli\u00e9ster. | <strong>Peso:<\/strong> 320 g\/m\u00b2 | <strong>Tallas:<\/strong> XS-3XL (999: XS-XXL)<\/p>","protected":false},"excerpt":{"rendered":"<p>Sudadera con refuerzos en softshell en las zonas expuestas, como las axilas y los bolsillos laterales, para una mayor durabilidad. Tejido suave y c\u00f3modo afelpado. Costuras a contraste. Bolsillos laterales con cremallera. Dobladillo y pu\u00f1os de punto e<\/p>","protected":false},"featured_media":236910,"comment_status":"open","ping_status":"closed","template":"","meta":{"_acf_changed":false},"product_brand":[10531],"product_cat":[13990,13981,13974,13932,13930,13975,13935,13973],"product_tag":[],"class_list":{"0":"post-231656","1":"product","2":"type-product","3":"status-publish","4":"has-post-thumbnail","6":"product_brand-projob","7":"product_cat-m-chaquetas-y-abrigos","8":"product_cat-h-chaquetas-y-abrigos","9":"product_cat-ropa-hombre","10":"product_cat-hosteleria-horeca","11":"product_cat-laboral","12":"product_cat-ropa-mujer","13":"product_cat-pantalones-cocina","14":"product_cat-ropa","15":"tm-no-options","17":"first","18":"instock","19":"taxable","20":"shipping-taxable","21":"product-type-variable"},"acf":[],"_links":{"self":[{"href":"https:\/\/grupotextil.es\/ca\/wp-json\/wp\/v2\/product\/231656","targetHints":{"allow":["GET"]}}],"collection":[{"href":"https:\/\/grupotextil.es\/ca\/wp-json\/wp\/v2\/product"}],"about":[{"href":"https:\/\/grupotextil.es\/ca\/wp-json\/wp\/v2\/types\/product"}],"replies":[{"embeddable":true,"href":"https:\/\/grupotextil.es\/ca\/wp-json\/wp\/v2\/comments?post=231656"}],"wp:featuredmedia":[{"embeddable":true,"href":"https:\/\/grupotextil.es\/ca\/wp-json\/wp\/v2\/media\/236910"}],"wp:attachment":[{"href":"https:\/\/grupotextil.es\/ca\/wp-json\/wp\/v2\/media?parent=231656"}],"wp:term":[{"taxonomy":"product_brand","embeddable":true,"href":"https:\/\/grupotextil.es\/ca\/wp-json\/wp\/v2\/product_brand?post=231656"},{"taxonomy":"product_cat","embeddable":true,"href":"https:\/\/grupotextil.es\/ca\/wp-json\/wp\/v2\/product_cat?post=231656"},{"taxonomy":"product_tag","embeddable":true,"href":"https:\/\/grupotextil.es\/ca\/wp-json\/wp\/v2\/product_tag?post=231656"}],"curies":[{"name":"wp","href":"https:\/\/api.w.org\/{rel}","templated":true}]}}