{"id":231774,"date":"2026-03-04T07:21:52","date_gmt":"2026-03-04T06:21:52","guid":{"rendered":"https:\/\/grupotextil.es\/producto\/rush-2-0-ss-tee-m\/"},"modified":"2026-04-19T04:07:08","modified_gmt":"2026-04-19T02:07:08","slug":"rush-2-0-ss-tee-m","status":"publish","type":"product","link":"https:\/\/grupotextil.es\/ca\/product\/rush-2-0-ss-tee-m\/","title":{"rendered":"Rush 2.0 Ss Tee M"},"content":{"rendered":"<p>La Rush 2.0 SS Tee es una camiseta de entrenamiento ligera y funcional que ofrece un transporte eficiente de la humedad y refrigeraci\u00f3n para un confort \u00f3ptimo durante la pr\u00e1ctica del atletismo, la gimnasia y actividades similares. Confeccionada con poli\u00e9ster reciclado y dise\u00f1ada para reducir la huella ambiental, esta prenda es un espl\u00e9ndido ejemplo de ropa deportiva de \u00faltima generaci\u00f3n. Su dise\u00f1o limpio la hace perfecta para la inclusi\u00f3n de marcas con el logotipo del club, patrocinios o empresas.<\/p>\n<p>\u2022 Confeccionada con poli\u00e9ster reciclado<\/p>\n<p>\u2022 Material funcional y el\u00e1stico<\/p>\n<p>\u2022 Dise\u00f1o limpio<\/p>\n<p><strong>Composici\u00f3n:<\/strong> 100% Poli\u00e9ster reciclado | <strong>Peso:<\/strong> 125 g\/m2 | <strong>Tallas:<\/strong> XS-3XL<\/p>","protected":false},"excerpt":{"rendered":"<p>La Rush 2.0 SS Tee es una camiseta de entrenamiento ligera y funcional que ofrece un transporte eficiente de la humedad y refrigeraci\u00f3n para un confort \u00f3ptimo durante la pr\u00e1ctica del atletismo, la gimnasia y actividades similares. Confeccionada con p<\/p>","protected":false},"featured_media":236927,"comment_status":"open","ping_status":"closed","template":"","meta":{"_acf_changed":false},"product_brand":[10489],"product_cat":[13977,13986,13981,13990,13974,13932,13930,13975,13935,13973],"product_tag":[],"class_list":{"0":"post-231774","1":"product","2":"type-product","3":"status-publish","4":"has-post-thumbnail","6":"product_brand-craft","7":"product_cat-h-camisetas-manga-corta","8":"product_cat-m-camisetas-manga-corta","9":"product_cat-h-chaquetas-y-abrigos","10":"product_cat-m-chaquetas-y-abrigos","11":"product_cat-ropa-hombre","12":"product_cat-hosteleria-horeca","13":"product_cat-laboral","14":"product_cat-ropa-mujer","15":"product_cat-pantalones-cocina","16":"product_cat-ropa","17":"tm-no-options","19":"first","20":"instock","21":"taxable","22":"shipping-taxable","23":"product-type-variable"},"acf":[],"_links":{"self":[{"href":"https:\/\/grupotextil.es\/ca\/wp-json\/wp\/v2\/product\/231774","targetHints":{"allow":["GET"]}}],"collection":[{"href":"https:\/\/grupotextil.es\/ca\/wp-json\/wp\/v2\/product"}],"about":[{"href":"https:\/\/grupotextil.es\/ca\/wp-json\/wp\/v2\/types\/product"}],"replies":[{"embeddable":true,"href":"https:\/\/grupotextil.es\/ca\/wp-json\/wp\/v2\/comments?post=231774"}],"wp:featuredmedia":[{"embeddable":true,"href":"https:\/\/grupotextil.es\/ca\/wp-json\/wp\/v2\/media\/236927"}],"wp:attachment":[{"href":"https:\/\/grupotextil.es\/ca\/wp-json\/wp\/v2\/media?parent=231774"}],"wp:term":[{"taxonomy":"product_brand","embeddable":true,"href":"https:\/\/grupotextil.es\/ca\/wp-json\/wp\/v2\/product_brand?post=231774"},{"taxonomy":"product_cat","embeddable":true,"href":"https:\/\/grupotextil.es\/ca\/wp-json\/wp\/v2\/product_cat?post=231774"},{"taxonomy":"product_tag","embeddable":true,"href":"https:\/\/grupotextil.es\/ca\/wp-json\/wp\/v2\/product_tag?post=231774"}],"curies":[{"name":"wp","href":"https:\/\/api.w.org\/{rel}","templated":true}]}}