{"id":231841,"date":"2026-03-04T07:22:35","date_gmt":"2026-03-04T06:22:35","guid":{"rendered":"https:\/\/grupotextil.es\/producto\/hicksville-shirt\/"},"modified":"2026-04-19T04:07:08","modified_gmt":"2026-04-19T02:07:08","slug":"hicksville-shirt","status":"publish","type":"product","link":"https:\/\/grupotextil.es\/ca\/product\/hicksville-shirt\/","title":{"rendered":"Hicksville Shirt"},"content":{"rendered":"<p>Camisa moderna confeccionada con un tejido de punto waffle.Tejido compuesto por algod\u00f3n org\u00e1nico y poli\u00e9ster reciclado. Esta camisa cuenta con un cuello abotonado oculto y botones tono sobre tono para un look limpio. Disponible en corte entallado.<\/p>\n<p><strong>Composici\u00f3n:<\/strong> 80% Algod\u00f3n org\u00e1nico, 20% Poli\u00e9ster reciclado | <strong>Tallas:<\/strong> S-4XL<\/p>","protected":false},"excerpt":{"rendered":"<p>Camisa moderna confeccionada con un tejido de punto waffle.Tejido compuesto por algod\u00f3n org\u00e1nico y poli\u00e9ster reciclado. Esta camisa cuenta con un cuello abotonado oculto y botones tono sobre tono para un look limpio. Disponible en corte entallado.<\/p>","protected":false},"featured_media":236935,"comment_status":"open","ping_status":"closed","template":"","meta":{"_acf_changed":false},"product_brand":[10521],"product_cat":[15147],"product_tag":[],"class_list":{"0":"post-231841","1":"product","2":"type-product","3":"status-publish","4":"has-post-thumbnail","6":"product_brand-james-harvest","7":"product_cat-new-wave","8":"tm-no-options","10":"first","11":"instock","12":"taxable","13":"shipping-taxable","14":"product-type-variable"},"acf":[],"_links":{"self":[{"href":"https:\/\/grupotextil.es\/ca\/wp-json\/wp\/v2\/product\/231841","targetHints":{"allow":["GET"]}}],"collection":[{"href":"https:\/\/grupotextil.es\/ca\/wp-json\/wp\/v2\/product"}],"about":[{"href":"https:\/\/grupotextil.es\/ca\/wp-json\/wp\/v2\/types\/product"}],"replies":[{"embeddable":true,"href":"https:\/\/grupotextil.es\/ca\/wp-json\/wp\/v2\/comments?post=231841"}],"wp:featuredmedia":[{"embeddable":true,"href":"https:\/\/grupotextil.es\/ca\/wp-json\/wp\/v2\/media\/236935"}],"wp:attachment":[{"href":"https:\/\/grupotextil.es\/ca\/wp-json\/wp\/v2\/media?parent=231841"}],"wp:term":[{"taxonomy":"product_brand","embeddable":true,"href":"https:\/\/grupotextil.es\/ca\/wp-json\/wp\/v2\/product_brand?post=231841"},{"taxonomy":"product_cat","embeddable":true,"href":"https:\/\/grupotextil.es\/ca\/wp-json\/wp\/v2\/product_cat?post=231841"},{"taxonomy":"product_tag","embeddable":true,"href":"https:\/\/grupotextil.es\/ca\/wp-json\/wp\/v2\/product_tag?post=231841"}],"curies":[{"name":"wp","href":"https:\/\/api.w.org\/{rel}","templated":true}]}}