{"id":231923,"date":"2026-03-04T07:23:34","date_gmt":"2026-03-04T06:23:34","guid":{"rendered":"https:\/\/grupotextil.es\/producto\/hicksville-overshirt\/"},"modified":"2026-04-19T04:07:08","modified_gmt":"2026-04-19T02:07:08","slug":"hicksville-overshirt","status":"publish","type":"product","link":"https:\/\/grupotextil.es\/ca\/product\/hicksville-overshirt\/","title":{"rendered":"Hicksville Overshirt"},"content":{"rendered":"<p>Sobrecamisa moderna confeccionada con tejido de punto waffle. Tejido compuesto por algod\u00f3n org\u00e1nico y poli\u00e9ster reciclado. Esta sobrecamisa est\u00e1 disponible en cuatro colores diferentes, cada uno con botones a contraste, y dos bolsillos en el pecho para un look juvenil.<\/p>\n<p><strong>Composici\u00f3n:<\/strong> 80% Algod\u00f3n org\u00e1nico, 20% Poli\u00e9ster Reciclado | <strong>Tallas:<\/strong> XXS-4XL<\/p>","protected":false},"excerpt":{"rendered":"<p>Sobrecamisa moderna confeccionada con tejido de punto waffle. Tejido compuesto por algod\u00f3n org\u00e1nico y poli\u00e9ster reciclado. Esta sobrecamisa est\u00e1 disponible en cuatro colores diferentes, cada uno con botones a contraste, y dos bolsillos en el pecho pa<\/p>","protected":false},"featured_media":236945,"comment_status":"open","ping_status":"closed","template":"","meta":{"_acf_changed":false},"product_brand":[10521],"product_cat":[15156,15147],"product_tag":[],"class_list":{"0":"post-231923","1":"product","2":"type-product","3":"status-publish","4":"has-post-thumbnail","6":"product_brand-james-harvest","7":"product_cat-hombre-unisex","8":"product_cat-new-wave","9":"tm-no-options","11":"first","12":"instock","13":"taxable","14":"shipping-taxable","15":"product-type-variable"},"acf":[],"_links":{"self":[{"href":"https:\/\/grupotextil.es\/ca\/wp-json\/wp\/v2\/product\/231923","targetHints":{"allow":["GET"]}}],"collection":[{"href":"https:\/\/grupotextil.es\/ca\/wp-json\/wp\/v2\/product"}],"about":[{"href":"https:\/\/grupotextil.es\/ca\/wp-json\/wp\/v2\/types\/product"}],"replies":[{"embeddable":true,"href":"https:\/\/grupotextil.es\/ca\/wp-json\/wp\/v2\/comments?post=231923"}],"wp:featuredmedia":[{"embeddable":true,"href":"https:\/\/grupotextil.es\/ca\/wp-json\/wp\/v2\/media\/236945"}],"wp:attachment":[{"href":"https:\/\/grupotextil.es\/ca\/wp-json\/wp\/v2\/media?parent=231923"}],"wp:term":[{"taxonomy":"product_brand","embeddable":true,"href":"https:\/\/grupotextil.es\/ca\/wp-json\/wp\/v2\/product_brand?post=231923"},{"taxonomy":"product_cat","embeddable":true,"href":"https:\/\/grupotextil.es\/ca\/wp-json\/wp\/v2\/product_cat?post=231923"},{"taxonomy":"product_tag","embeddable":true,"href":"https:\/\/grupotextil.es\/ca\/wp-json\/wp\/v2\/product_tag?post=231923"}],"curies":[{"name":"wp","href":"https:\/\/api.w.org\/{rel}","templated":true}]}}