{"id":231934,"date":"2026-03-04T07:23:40","date_gmt":"2026-03-04T06:23:40","guid":{"rendered":"https:\/\/grupotextil.es\/producto\/ability-tights-w\/"},"modified":"2026-04-19T04:07:09","modified_gmt":"2026-04-19T02:07:09","slug":"ability-tights-w","status":"publish","type":"product","link":"https:\/\/grupotextil.es\/ca\/product\/ability-tights-w\/","title":{"rendered":"Ability Tights W"},"content":{"rendered":"<p>Ability Tights son unas mallas de alto rendimiento que te ayudan a mejorar tu desarrollo. Fabricadas en un tejido suave, funcional y muy el\u00e1stico, las mallas proporcionan un excelente grado de transpirabilidad, eliminaci\u00f3n de la humedad y libertad de movimiento. Adem\u00e1s, est\u00e1n equipadas con una cintura alta, para mayor ajuste y comodidad, y dos bolsillos para pelotas.<\/p>\n<p>\u2022 Tejido suave y muy el\u00e1stico<\/p>\n<p>\u2022 Cintura alta<\/p>\n<p>\u2022 Dos bolsillos para pelotas<\/p>\n<p><strong>Composici\u00f3n:<\/strong> 77\u00a0% poli\u00e9ster reciclado, 23\u00a0% elastano | <strong>Peso:<\/strong> 140 g\/m2 | <strong>Tallas:<\/strong> XS-XXL<\/p>","protected":false},"excerpt":{"rendered":"<p>Ability Tights son unas mallas de alto rendimiento que te ayudan a mejorar tu desarrollo. Fabricadas en un tejido suave, funcional y muy el\u00e1stico, las mallas proporcionan un excelente grado de transpirabilidad, eliminaci\u00f3n de la humedad y libertad de<\/p>","protected":false},"featured_media":236947,"comment_status":"open","ping_status":"closed","template":"","meta":{"_acf_changed":false},"product_brand":[10489],"product_cat":[15147],"product_tag":[],"class_list":{"0":"post-231934","1":"product","2":"type-product","3":"status-publish","4":"has-post-thumbnail","6":"product_brand-craft","7":"product_cat-new-wave","8":"tm-no-options","10":"first","11":"instock","12":"taxable","13":"shipping-taxable","14":"product-type-variable"},"acf":[],"_links":{"self":[{"href":"https:\/\/grupotextil.es\/ca\/wp-json\/wp\/v2\/product\/231934","targetHints":{"allow":["GET"]}}],"collection":[{"href":"https:\/\/grupotextil.es\/ca\/wp-json\/wp\/v2\/product"}],"about":[{"href":"https:\/\/grupotextil.es\/ca\/wp-json\/wp\/v2\/types\/product"}],"replies":[{"embeddable":true,"href":"https:\/\/grupotextil.es\/ca\/wp-json\/wp\/v2\/comments?post=231934"}],"wp:featuredmedia":[{"embeddable":true,"href":"https:\/\/grupotextil.es\/ca\/wp-json\/wp\/v2\/media\/236947"}],"wp:attachment":[{"href":"https:\/\/grupotextil.es\/ca\/wp-json\/wp\/v2\/media?parent=231934"}],"wp:term":[{"taxonomy":"product_brand","embeddable":true,"href":"https:\/\/grupotextil.es\/ca\/wp-json\/wp\/v2\/product_brand?post=231934"},{"taxonomy":"product_cat","embeddable":true,"href":"https:\/\/grupotextil.es\/ca\/wp-json\/wp\/v2\/product_cat?post=231934"},{"taxonomy":"product_tag","embeddable":true,"href":"https:\/\/grupotextil.es\/ca\/wp-json\/wp\/v2\/product_tag?post=231934"}],"curies":[{"name":"wp","href":"https:\/\/api.w.org\/{rel}","templated":true}]}}