{"id":231937,"date":"2026-03-04T07:23:41","date_gmt":"2026-03-04T06:23:41","guid":{"rendered":"https:\/\/grupotextil.es\/producto\/community-2-0-tee-m\/"},"modified":"2026-04-19T04:07:09","modified_gmt":"2026-04-19T02:07:09","slug":"community-2-0-tee-m","status":"publish","type":"product","link":"https:\/\/grupotextil.es\/ca\/product\/community-2-0-tee-m\/","title":{"rendered":"Community 2.0 Tee M"},"content":{"rendered":"<p>La Community 2.0 Tee es una camiseta muy c\u00f3moda dise\u00f1ada para la actividad cotidiana. Confeccionada con una suave mezcla de algod\u00f3n org\u00e1nico y poli\u00e9ster reciclado, esta prenda destaca por su versatilidad, suavidad y transporte eficiente de la humedad, lo que contribuye a reforzar el esp\u00edritu de equipo. Gracias a su dise\u00f1o limpio, esta camiseta ofrece un amplio espacio para el escudo y los logotipos de los patrocinadores.<\/p>\n<p>\u2022 Tejido suave confeccionado con algod\u00f3n org\u00e1nico y poli\u00e9ster reciclado<\/p>\n<p>\u2022 Cuello redondo<\/p>\n<p>\u2022 Logotipo de Craft bordado en la manga<\/p>\n<p>\u2022 Dise\u00f1o limpio para escudos y logotipos<\/p>\n<p>\u2022 Regular fit<\/p>\n<p><strong>Composici\u00f3n:<\/strong> Solid colors: 60% Cotton-Organic 40% Polyester-Recycled<br \/>\nMelange colors: 85% Cotton-Organic 15% Viscose | <strong>Peso:<\/strong> 160g\/m2 | <strong>Tallas:<\/strong> XS-3XL<\/p>","protected":false},"excerpt":{"rendered":"<p>La Community 2.0 Tee es una camiseta muy c\u00f3moda dise\u00f1ada para la actividad cotidiana. Confeccionada con una suave mezcla de algod\u00f3n org\u00e1nico y poli\u00e9ster reciclado, esta prenda destaca por su versatilidad, suavidad y transporte eficiente de la humedad<\/p>","protected":false},"featured_media":236948,"comment_status":"open","ping_status":"closed","template":"","meta":{"_acf_changed":false},"product_brand":[10489],"product_cat":[13977,13986,13990,13981,13974,13932,13930,13975,13935,13973],"product_tag":[],"class_list":{"0":"post-231937","1":"product","2":"type-product","3":"status-publish","4":"has-post-thumbnail","6":"product_brand-craft","7":"product_cat-h-camisetas-manga-corta","8":"product_cat-m-camisetas-manga-corta","9":"product_cat-m-chaquetas-y-abrigos","10":"product_cat-h-chaquetas-y-abrigos","11":"product_cat-ropa-hombre","12":"product_cat-hosteleria-horeca","13":"product_cat-laboral","14":"product_cat-ropa-mujer","15":"product_cat-pantalones-cocina","16":"product_cat-ropa","17":"tm-no-options","19":"first","20":"instock","21":"taxable","22":"shipping-taxable","23":"product-type-variable"},"acf":[],"_links":{"self":[{"href":"https:\/\/grupotextil.es\/ca\/wp-json\/wp\/v2\/product\/231937","targetHints":{"allow":["GET"]}}],"collection":[{"href":"https:\/\/grupotextil.es\/ca\/wp-json\/wp\/v2\/product"}],"about":[{"href":"https:\/\/grupotextil.es\/ca\/wp-json\/wp\/v2\/types\/product"}],"replies":[{"embeddable":true,"href":"https:\/\/grupotextil.es\/ca\/wp-json\/wp\/v2\/comments?post=231937"}],"wp:featuredmedia":[{"embeddable":true,"href":"https:\/\/grupotextil.es\/ca\/wp-json\/wp\/v2\/media\/236948"}],"wp:attachment":[{"href":"https:\/\/grupotextil.es\/ca\/wp-json\/wp\/v2\/media?parent=231937"}],"wp:term":[{"taxonomy":"product_brand","embeddable":true,"href":"https:\/\/grupotextil.es\/ca\/wp-json\/wp\/v2\/product_brand?post=231937"},{"taxonomy":"product_cat","embeddable":true,"href":"https:\/\/grupotextil.es\/ca\/wp-json\/wp\/v2\/product_cat?post=231937"},{"taxonomy":"product_tag","embeddable":true,"href":"https:\/\/grupotextil.es\/ca\/wp-json\/wp\/v2\/product_tag?post=231937"}],"curies":[{"name":"wp","href":"https:\/\/api.w.org\/{rel}","templated":true}]}}