{"id":232014,"date":"2026-03-04T07:24:33","date_gmt":"2026-03-04T06:24:33","guid":{"rendered":"https:\/\/grupotextil.es\/producto\/adv-essence-ls-tee-2-w\/"},"modified":"2026-04-19T04:07:09","modified_gmt":"2026-04-19T02:07:09","slug":"adv-essence-ls-tee-2-w","status":"publish","type":"product","link":"https:\/\/grupotextil.es\/ca\/product\/adv-essence-ls-tee-2-w\/","title":{"rendered":"ADV Essence Ls Tee 2 W"},"content":{"rendered":"<p>ADV Essence LS Tee 2 es una camiseta de manga larga suave y funcional dise\u00f1ada para la mayor\u00eda de entrenamientos de alta intensidad. Esta vers\u00e1til camiseta de entrenamiento est\u00e1 confeccionada en poli\u00e9ster reciclado y elastano e incorpora paneles de malla y detalles perforados para mejorar la ventilaci\u00f3n. Adem\u00e1s, esta camiseta de entrenamiento avanzado cuenta con un dise\u00f1o ergon\u00f3mico moldeado para un ajuste \u00f3ptimo y libertad de movimientos.<\/p>\n<p>\u2022 Poli\u00e9ster reciclado y elastano<\/p>\n<p>\u2022 Paneles de malla y detalles perforados<\/p>\n<p>\u2022 Forma ergon\u00f3mica<\/p>\n<p>\u2022 Regular fit<\/p>\n<p><strong>Composici\u00f3n:<\/strong> Cuerpo: 91\u00a0% poli\u00e9ster reciclado, 9\u00a0% elastano. Panel 84\u00a0% poli\u00e9ster reciclado, 6\u00a0% poli\u00e9ster, 10\u00a0% elastano | <strong>Tallas:<\/strong> XS-XXL<\/p>","protected":false},"excerpt":{"rendered":"<p>ADV Essence LS Tee 2 es una camiseta de manga larga suave y funcional dise\u00f1ada para la mayor\u00eda de entrenamientos de alta intensidad. Esta vers\u00e1til camiseta de entrenamiento est\u00e1 confeccionada en poli\u00e9ster reciclado y elastano e incorpora paneles de m<\/p>","protected":false},"featured_media":236960,"comment_status":"open","ping_status":"closed","template":"","meta":{"_acf_changed":false},"product_brand":[10489],"product_cat":[13986,13977,13981,13990,13974,13932,13930,13975,13935,13973],"product_tag":[],"class_list":{"0":"post-232014","1":"product","2":"type-product","3":"status-publish","4":"has-post-thumbnail","6":"product_brand-craft","7":"product_cat-m-camisetas-manga-corta","8":"product_cat-h-camisetas-manga-corta","9":"product_cat-h-chaquetas-y-abrigos","10":"product_cat-m-chaquetas-y-abrigos","11":"product_cat-ropa-hombre","12":"product_cat-hosteleria-horeca","13":"product_cat-laboral","14":"product_cat-ropa-mujer","15":"product_cat-pantalones-cocina","16":"product_cat-ropa","17":"tm-no-options","19":"first","20":"instock","21":"taxable","22":"shipping-taxable","23":"product-type-variable"},"acf":[],"_links":{"self":[{"href":"https:\/\/grupotextil.es\/ca\/wp-json\/wp\/v2\/product\/232014","targetHints":{"allow":["GET"]}}],"collection":[{"href":"https:\/\/grupotextil.es\/ca\/wp-json\/wp\/v2\/product"}],"about":[{"href":"https:\/\/grupotextil.es\/ca\/wp-json\/wp\/v2\/types\/product"}],"replies":[{"embeddable":true,"href":"https:\/\/grupotextil.es\/ca\/wp-json\/wp\/v2\/comments?post=232014"}],"wp:featuredmedia":[{"embeddable":true,"href":"https:\/\/grupotextil.es\/ca\/wp-json\/wp\/v2\/media\/236960"}],"wp:attachment":[{"href":"https:\/\/grupotextil.es\/ca\/wp-json\/wp\/v2\/media?parent=232014"}],"wp:term":[{"taxonomy":"product_brand","embeddable":true,"href":"https:\/\/grupotextil.es\/ca\/wp-json\/wp\/v2\/product_brand?post=232014"},{"taxonomy":"product_cat","embeddable":true,"href":"https:\/\/grupotextil.es\/ca\/wp-json\/wp\/v2\/product_cat?post=232014"},{"taxonomy":"product_tag","embeddable":true,"href":"https:\/\/grupotextil.es\/ca\/wp-json\/wp\/v2\/product_tag?post=232014"}],"curies":[{"name":"wp","href":"https:\/\/api.w.org\/{rel}","templated":true}]}}