{"id":232045,"date":"2026-03-04T07:24:56","date_gmt":"2026-03-04T06:24:56","guid":{"rendered":"https:\/\/grupotextil.es\/producto\/modern-trouser-woman\/"},"modified":"2026-04-19T04:07:09","modified_gmt":"2026-04-19T02:07:09","slug":"modern-trouser-woman","status":"publish","type":"product","link":"https:\/\/grupotextil.es\/ca\/product\/modern-trouser-woman\/","title":{"rendered":"Modern Trouser Woman"},"content":{"rendered":"<p>Estos c\u00f3modos pantalones con cintura el\u00e1stica te har\u00e1n sentir bien durante todo el d\u00eda. Comb\u00ednalos con la sobrecamisa Patch Pocket o la sobrecamisa Modern Zip para conseguir un traje moderno completo. Perfecto con botas o zapatillas.<\/p>\n<p><strong>Composici\u00f3n:<\/strong> 52% algod\u00f3n, 44% RPET, 4% elastano | <strong>Peso:<\/strong> 236 g\/m\u00b2 | <strong>Tallas:<\/strong> XXS-4XL<\/p>","protected":false},"excerpt":{"rendered":"<p>Estos c\u00f3modos pantalones con cintura el\u00e1stica te har\u00e1n sentir bien durante todo el d\u00eda. Comb\u00ednalos con la sobrecamisa Patch Pocket o la sobrecamisa Modern Zip para conseguir un traje moderno completo. Perfecto con botas o zapatillas.<\/p>","protected":false},"featured_media":236963,"comment_status":"open","ping_status":"closed","template":"","meta":{"_acf_changed":false},"product_brand":[10563],"product_cat":[13983],"product_tag":[],"class_list":{"0":"post-232045","1":"product","2":"type-product","3":"status-publish","4":"has-post-thumbnail","6":"product_brand-j-harvest-frost","7":"product_cat-h-pantalones","8":"tm-no-options","10":"first","11":"instock","12":"taxable","13":"shipping-taxable","14":"product-type-variable"},"acf":[],"_links":{"self":[{"href":"https:\/\/grupotextil.es\/ca\/wp-json\/wp\/v2\/product\/232045","targetHints":{"allow":["GET"]}}],"collection":[{"href":"https:\/\/grupotextil.es\/ca\/wp-json\/wp\/v2\/product"}],"about":[{"href":"https:\/\/grupotextil.es\/ca\/wp-json\/wp\/v2\/types\/product"}],"replies":[{"embeddable":true,"href":"https:\/\/grupotextil.es\/ca\/wp-json\/wp\/v2\/comments?post=232045"}],"wp:featuredmedia":[{"embeddable":true,"href":"https:\/\/grupotextil.es\/ca\/wp-json\/wp\/v2\/media\/236963"}],"wp:attachment":[{"href":"https:\/\/grupotextil.es\/ca\/wp-json\/wp\/v2\/media?parent=232045"}],"wp:term":[{"taxonomy":"product_brand","embeddable":true,"href":"https:\/\/grupotextil.es\/ca\/wp-json\/wp\/v2\/product_brand?post=232045"},{"taxonomy":"product_cat","embeddable":true,"href":"https:\/\/grupotextil.es\/ca\/wp-json\/wp\/v2\/product_cat?post=232045"},{"taxonomy":"product_tag","embeddable":true,"href":"https:\/\/grupotextil.es\/ca\/wp-json\/wp\/v2\/product_tag?post=232045"}],"curies":[{"name":"wp","href":"https:\/\/api.w.org\/{rel}","templated":true}]}}