{"id":232145,"date":"2026-03-04T07:26:00","date_gmt":"2026-03-04T06:26:00","guid":{"rendered":"https:\/\/grupotextil.es\/producto\/sayville-shirt-woman\/"},"modified":"2026-04-19T04:07:10","modified_gmt":"2026-04-19T02:07:10","slug":"sayville-shirt-woman","status":"publish","type":"product","link":"https:\/\/grupotextil.es\/ca\/product\/sayville-shirt-woman\/","title":{"rendered":"Sayville Shirt Woman"},"content":{"rendered":"<p>Sayville es una camisa con aspecto vaquero, confeccionada en algod\u00f3n 100 % org\u00e1nico. Esta camisa tiene un cuello abotonado oculto y botones color perla para lograr un aspecto cl\u00e1sico de camisa vaquera. Disponible en corte contempor\u00e1neo.<\/p>\n<p><strong>Composici\u00f3n:<\/strong> 100% Algod\u00f3n Org\u00e1nico | <strong>Peso:<\/strong> 135 g\/m\u00b2 | <strong>Tallas:<\/strong> XS-3XL<\/p>","protected":false},"excerpt":{"rendered":"<p>Sayville es una camisa con aspecto vaquero, confeccionada en algod\u00f3n 100 % org\u00e1nico. Esta camisa tiene un cuello abotonado oculto y botones color perla para lograr un aspecto cl\u00e1sico de camisa vaquera. Disponible en corte contempor\u00e1neo.<\/p>","protected":false},"featured_media":236981,"comment_status":"open","ping_status":"closed","template":"","meta":{"_acf_changed":false},"product_brand":[10521],"product_cat":[15147],"product_tag":[],"class_list":{"0":"post-232145","1":"product","2":"type-product","3":"status-publish","4":"has-post-thumbnail","6":"product_brand-james-harvest","7":"product_cat-new-wave","8":"tm-no-options","10":"first","11":"instock","12":"taxable","13":"shipping-taxable","14":"product-type-variable"},"acf":[],"_links":{"self":[{"href":"https:\/\/grupotextil.es\/ca\/wp-json\/wp\/v2\/product\/232145","targetHints":{"allow":["GET"]}}],"collection":[{"href":"https:\/\/grupotextil.es\/ca\/wp-json\/wp\/v2\/product"}],"about":[{"href":"https:\/\/grupotextil.es\/ca\/wp-json\/wp\/v2\/types\/product"}],"replies":[{"embeddable":true,"href":"https:\/\/grupotextil.es\/ca\/wp-json\/wp\/v2\/comments?post=232145"}],"wp:featuredmedia":[{"embeddable":true,"href":"https:\/\/grupotextil.es\/ca\/wp-json\/wp\/v2\/media\/236981"}],"wp:attachment":[{"href":"https:\/\/grupotextil.es\/ca\/wp-json\/wp\/v2\/media?parent=232145"}],"wp:term":[{"taxonomy":"product_brand","embeddable":true,"href":"https:\/\/grupotextil.es\/ca\/wp-json\/wp\/v2\/product_brand?post=232145"},{"taxonomy":"product_cat","embeddable":true,"href":"https:\/\/grupotextil.es\/ca\/wp-json\/wp\/v2\/product_cat?post=232145"},{"taxonomy":"product_tag","embeddable":true,"href":"https:\/\/grupotextil.es\/ca\/wp-json\/wp\/v2\/product_tag?post=232145"}],"curies":[{"name":"wp","href":"https:\/\/api.w.org\/{rel}","templated":true}]}}