{"id":232178,"date":"2026-03-04T07:26:21","date_gmt":"2026-03-04T06:26:21","guid":{"rendered":"https:\/\/grupotextil.es\/producto\/american-t-shirt-dress-women\/"},"modified":"2026-04-19T04:07:10","modified_gmt":"2026-04-19T02:07:10","slug":"american-t-shirt-dress-women","status":"publish","type":"product","link":"https:\/\/grupotextil.es\/ca\/product\/american-t-shirt-dress-women\/","title":{"rendered":"American T-shirt Dress Women"},"content":{"rendered":"<p>Apuesta por la elegancia informal con el American T-Shirt Dress, dise\u00f1ado para un look desenfadado pero elegante. Confeccionado en 100% algod\u00f3n org\u00e1nico peinado. Con un relajado escote redondo y elegantes mangas dobladas, transmite un aire desenfadado perfecto para el d\u00eda a d\u00eda. La abertura en el lado izquierdo a\u00f1ade un toque de movimiento y modernidad.<\/p>\n<p><strong>Composici\u00f3n:<\/strong> 100% Algod\u00f3n org\u00e1nico ring-spun, peinado y lavado con enzimas | <strong>Peso:<\/strong> 180 g\/m\u00b2 | <strong>Tallas:<\/strong> XS-3XL<\/p>","protected":false},"excerpt":{"rendered":"<p>Apuesta por la elegancia informal con el American T-Shirt Dress, dise\u00f1ado para un look desenfadado pero elegante. Confeccionado en 100% algod\u00f3n org\u00e1nico peinado. Con un relajado escote redondo y elegantes mangas dobladas, transmite un aire desenfadad<\/p>","protected":false},"featured_media":236986,"comment_status":"open","ping_status":"closed","template":"","meta":{"_acf_changed":false},"product_brand":[10521],"product_cat":[13974,13975,13973],"product_tag":[],"class_list":{"0":"post-232178","1":"product","2":"type-product","3":"status-publish","4":"has-post-thumbnail","6":"product_brand-james-harvest","7":"product_cat-ropa-hombre","8":"product_cat-ropa-mujer","9":"product_cat-ropa","10":"tm-no-options","12":"first","13":"instock","14":"taxable","15":"shipping-taxable","16":"product-type-variable"},"acf":[],"_links":{"self":[{"href":"https:\/\/grupotextil.es\/ca\/wp-json\/wp\/v2\/product\/232178","targetHints":{"allow":["GET"]}}],"collection":[{"href":"https:\/\/grupotextil.es\/ca\/wp-json\/wp\/v2\/product"}],"about":[{"href":"https:\/\/grupotextil.es\/ca\/wp-json\/wp\/v2\/types\/product"}],"replies":[{"embeddable":true,"href":"https:\/\/grupotextil.es\/ca\/wp-json\/wp\/v2\/comments?post=232178"}],"wp:featuredmedia":[{"embeddable":true,"href":"https:\/\/grupotextil.es\/ca\/wp-json\/wp\/v2\/media\/236986"}],"wp:attachment":[{"href":"https:\/\/grupotextil.es\/ca\/wp-json\/wp\/v2\/media?parent=232178"}],"wp:term":[{"taxonomy":"product_brand","embeddable":true,"href":"https:\/\/grupotextil.es\/ca\/wp-json\/wp\/v2\/product_brand?post=232178"},{"taxonomy":"product_cat","embeddable":true,"href":"https:\/\/grupotextil.es\/ca\/wp-json\/wp\/v2\/product_cat?post=232178"},{"taxonomy":"product_tag","embeddable":true,"href":"https:\/\/grupotextil.es\/ca\/wp-json\/wp\/v2\/product_tag?post=232178"}],"curies":[{"name":"wp","href":"https:\/\/api.w.org\/{rel}","templated":true}]}}