{"id":232247,"date":"2026-03-04T07:27:06","date_gmt":"2026-03-04T06:27:06","guid":{"rendered":"https:\/\/grupotextil.es\/producto\/community-2-0-logo-fz-hoodie-m\/"},"modified":"2026-04-19T04:07:11","modified_gmt":"2026-04-19T02:07:11","slug":"community-2-0-logo-fz-hoodie-m","status":"publish","type":"product","link":"https:\/\/grupotextil.es\/ca\/product\/community-2-0-logo-fz-hoodie-m\/","title":{"rendered":"Community 2.0 Logo Fz Hoodie M"},"content":{"rendered":"<p>La sudadera Community 2.0 Logo FZ Hoodie combina un corte relajado y atl\u00e9tico con una est\u00e9tica deportiva, ideal para los momentos de relax fuera del terreno de juego. Confeccionada con una suave mezcla de poli\u00e9ster reciclado y algod\u00f3n org\u00e1nico y con una superficie interior cepillada, esta sudadera con cremallera completa y capucha tiene un tacto suave y ofrece una gran comodidad, lo que contribuye a reforzar el esp\u00edritu de equipo. Su dise\u00f1o limpio la hace perfecta para la inclusi\u00f3n de marcas con el logotipo del club, patrocinios o empresas.<\/p>\n<p>\u2022 Tejido suave confeccionado con poli\u00e9ster reciclado y algod\u00f3n org\u00e1nico<\/p>\n<p>\u2022 Interior cepillado<\/p>\n<p>\u2022 Cremallera completa<\/p>\n<p>\u2022 Dos bolsillos laterales<\/p>\n<p>\u2022 Logotipo en contraste en el pecho<\/p>\n<p>\u2022 Regular fit<\/p>\n<p><strong>Composici\u00f3n:<\/strong> Solid colors: 60% Cotton-Organic 40% Polyester-Recycled<br \/>\nMelange colors: 63% Cotton-Organic 31% Polyester-Recycled 6% Viscose | <strong>Peso:<\/strong> 280 g\/m2 | <strong>Tallas:<\/strong> XS-3XL<\/p>","protected":false},"excerpt":{"rendered":"<p>La sudadera Community 2.0 Logo FZ Hoodie combina un corte relajado y atl\u00e9tico con una est\u00e9tica deportiva, ideal para los momentos de relax fuera del terreno de juego. Confeccionada con una suave mezcla de poli\u00e9ster reciclado y algod\u00f3n org\u00e1nico y con<\/p>","protected":false},"featured_media":237000,"comment_status":"open","ping_status":"closed","template":"","meta":{"_acf_changed":false},"product_brand":[10489],"product_cat":[15147],"product_tag":[],"class_list":{"0":"post-232247","1":"product","2":"type-product","3":"status-publish","4":"has-post-thumbnail","6":"product_brand-craft","7":"product_cat-new-wave","8":"tm-no-options","10":"first","11":"instock","12":"taxable","13":"shipping-taxable","14":"product-type-variable"},"acf":[],"_links":{"self":[{"href":"https:\/\/grupotextil.es\/ca\/wp-json\/wp\/v2\/product\/232247","targetHints":{"allow":["GET"]}}],"collection":[{"href":"https:\/\/grupotextil.es\/ca\/wp-json\/wp\/v2\/product"}],"about":[{"href":"https:\/\/grupotextil.es\/ca\/wp-json\/wp\/v2\/types\/product"}],"replies":[{"embeddable":true,"href":"https:\/\/grupotextil.es\/ca\/wp-json\/wp\/v2\/comments?post=232247"}],"wp:featuredmedia":[{"embeddable":true,"href":"https:\/\/grupotextil.es\/ca\/wp-json\/wp\/v2\/media\/237000"}],"wp:attachment":[{"href":"https:\/\/grupotextil.es\/ca\/wp-json\/wp\/v2\/media?parent=232247"}],"wp:term":[{"taxonomy":"product_brand","embeddable":true,"href":"https:\/\/grupotextil.es\/ca\/wp-json\/wp\/v2\/product_brand?post=232247"},{"taxonomy":"product_cat","embeddable":true,"href":"https:\/\/grupotextil.es\/ca\/wp-json\/wp\/v2\/product_cat?post=232247"},{"taxonomy":"product_tag","embeddable":true,"href":"https:\/\/grupotextil.es\/ca\/wp-json\/wp\/v2\/product_tag?post=232247"}],"curies":[{"name":"wp","href":"https:\/\/api.w.org\/{rel}","templated":true}]}}