{"id":232268,"date":"2026-03-04T07:27:20","date_gmt":"2026-03-04T06:27:20","guid":{"rendered":"https:\/\/grupotextil.es\/producto\/miami-pants\/"},"modified":"2026-04-26T04:06:02","modified_gmt":"2026-04-26T02:06:02","slug":"miami-pants","status":"publish","type":"product","link":"https:\/\/grupotextil.es\/ca\/product\/miami-pants\/","title":{"rendered":"Miami Pants"},"content":{"rendered":"<p>Pantal\u00f3n de ch\u00e1ndal unisex mezcla de algod\u00f3n y poli\u00e9ster reciclado. Dos bolsillos delanteros y un bolsillo oculto con cremallera en la costura lateral. Canal\u00e9 el\u00e1stico 2&#215;2 con doble costura en la cintura y el bajo de la pierna. Cord\u00f3n de ajuste en la cintura y etiqueta f\u00e1cilmente extra\u00edble. Tejido suave estabilizado con acabado antipilling apto para lavados intensos.<\/p>\n<p><strong>Composici\u00f3n:<\/strong> 80% algod\u00f3n \/ 20% poli\u00e9ster reciclado | <strong>Peso:<\/strong> 260 g\/m2 | <strong>Tallas:<\/strong> XS-4XL<\/p>","protected":false},"excerpt":{"rendered":"<p>Pantal\u00f3n de ch\u00e1ndal unisex mezcla de algod\u00f3n y poli\u00e9ster reciclado. Dos bolsillos delanteros y un bolsillo oculto con cremallera en la costura lateral. Canal\u00e9 el\u00e1stico 2&#215;2 con doble costura en la cintura y el bajo de la pierna. Cord\u00f3n de ajuste en la<\/p>","protected":false},"featured_media":237005,"comment_status":"open","ping_status":"closed","template":"","meta":{"_acf_changed":false},"product_brand":[10446],"product_cat":[15137,13980],"product_tag":[],"class_list":{"0":"post-232268","1":"product","2":"type-product","3":"status-publish","4":"has-post-thumbnail","6":"product_brand-clique","7":"product_cat-hombre-unisex-mujer","8":"product_cat-h-sudaderas","9":"tm-no-options","11":"first","12":"instock","13":"taxable","14":"shipping-taxable","15":"product-type-variable"},"acf":[],"_links":{"self":[{"href":"https:\/\/grupotextil.es\/ca\/wp-json\/wp\/v2\/product\/232268","targetHints":{"allow":["GET"]}}],"collection":[{"href":"https:\/\/grupotextil.es\/ca\/wp-json\/wp\/v2\/product"}],"about":[{"href":"https:\/\/grupotextil.es\/ca\/wp-json\/wp\/v2\/types\/product"}],"replies":[{"embeddable":true,"href":"https:\/\/grupotextil.es\/ca\/wp-json\/wp\/v2\/comments?post=232268"}],"wp:featuredmedia":[{"embeddable":true,"href":"https:\/\/grupotextil.es\/ca\/wp-json\/wp\/v2\/media\/237005"}],"wp:attachment":[{"href":"https:\/\/grupotextil.es\/ca\/wp-json\/wp\/v2\/media?parent=232268"}],"wp:term":[{"taxonomy":"product_brand","embeddable":true,"href":"https:\/\/grupotextil.es\/ca\/wp-json\/wp\/v2\/product_brand?post=232268"},{"taxonomy":"product_cat","embeddable":true,"href":"https:\/\/grupotextil.es\/ca\/wp-json\/wp\/v2\/product_cat?post=232268"},{"taxonomy":"product_tag","embeddable":true,"href":"https:\/\/grupotextil.es\/ca\/wp-json\/wp\/v2\/product_tag?post=232268"}],"curies":[{"name":"wp","href":"https:\/\/api.w.org\/{rel}","templated":true}]}}