{"id":232278,"date":"2026-03-04T07:27:26","date_gmt":"2026-03-04T06:27:26","guid":{"rendered":"https:\/\/grupotextil.es\/producto\/collective-relaxed-ss-tee-m\/"},"modified":"2026-04-19T04:07:11","modified_gmt":"2026-04-19T02:07:11","slug":"collective-relaxed-ss-tee-m","status":"publish","type":"product","link":"https:\/\/grupotextil.es\/ca\/product\/collective-relaxed-ss-tee-m\/","title":{"rendered":"Collective Relaxed Ss Tee M"},"content":{"rendered":"<p>La Collective Relaxed es una camiseta de entrenamiento suave con un dise\u00f1o atemporal que se adapta perfectamente tanto a tus sesiones de entrenamiento como a una tarde de relax.<\/p>\n<p>Esta camiseta tan c\u00f3moda est\u00e1 confeccionada con una mezcla de algod\u00f3n suave y presenta un ajuste relajado que resulta muy vers\u00e1til. A caballo entre el deporte y el ocio, esta camiseta es la opci\u00f3n perfecta para quienes exigen funcionalidad y estilo en su vida cotidiana. Una manifestaci\u00f3n de maestr\u00eda artesanal en cada detalle.<\/p>\n<p>\u2022 Tejido el\u00e1stico suave elaborado con algod\u00f3n org\u00e1nico y elastano<\/p>\n<p>\u2022 Ajuste relajado<\/p>\n<p><strong>Composici\u00f3n:<\/strong> 93% Cotton Organic, 7% Elastane | <strong>Tallas:<\/strong> XS-XXL<\/p>","protected":false},"excerpt":{"rendered":"<p>La Collective Relaxed es una camiseta de entrenamiento suave con un dise\u00f1o atemporal que se adapta perfectamente tanto a tus sesiones de entrenamiento como a una tarde de relax.<\/p>","protected":false},"featured_media":237007,"comment_status":"open","ping_status":"closed","template":"","meta":{"_acf_changed":false},"product_brand":[10489],"product_cat":[13977,13986,13990,13981,13974,13932,13930,13975,13935,13973],"product_tag":[],"class_list":{"0":"post-232278","1":"product","2":"type-product","3":"status-publish","4":"has-post-thumbnail","6":"product_brand-craft","7":"product_cat-h-camisetas-manga-corta","8":"product_cat-m-camisetas-manga-corta","9":"product_cat-m-chaquetas-y-abrigos","10":"product_cat-h-chaquetas-y-abrigos","11":"product_cat-ropa-hombre","12":"product_cat-hosteleria-horeca","13":"product_cat-laboral","14":"product_cat-ropa-mujer","15":"product_cat-pantalones-cocina","16":"product_cat-ropa","17":"tm-no-options","19":"first","20":"instock","21":"taxable","22":"shipping-taxable","23":"product-type-variable"},"acf":[],"_links":{"self":[{"href":"https:\/\/grupotextil.es\/ca\/wp-json\/wp\/v2\/product\/232278","targetHints":{"allow":["GET"]}}],"collection":[{"href":"https:\/\/grupotextil.es\/ca\/wp-json\/wp\/v2\/product"}],"about":[{"href":"https:\/\/grupotextil.es\/ca\/wp-json\/wp\/v2\/types\/product"}],"replies":[{"embeddable":true,"href":"https:\/\/grupotextil.es\/ca\/wp-json\/wp\/v2\/comments?post=232278"}],"wp:featuredmedia":[{"embeddable":true,"href":"https:\/\/grupotextil.es\/ca\/wp-json\/wp\/v2\/media\/237007"}],"wp:attachment":[{"href":"https:\/\/grupotextil.es\/ca\/wp-json\/wp\/v2\/media?parent=232278"}],"wp:term":[{"taxonomy":"product_brand","embeddable":true,"href":"https:\/\/grupotextil.es\/ca\/wp-json\/wp\/v2\/product_brand?post=232278"},{"taxonomy":"product_cat","embeddable":true,"href":"https:\/\/grupotextil.es\/ca\/wp-json\/wp\/v2\/product_cat?post=232278"},{"taxonomy":"product_tag","embeddable":true,"href":"https:\/\/grupotextil.es\/ca\/wp-json\/wp\/v2\/product_tag?post=232278"}],"curies":[{"name":"wp","href":"https:\/\/api.w.org\/{rel}","templated":true}]}}