{"id":232300,"date":"2026-03-04T07:27:42","date_gmt":"2026-03-04T06:27:42","guid":{"rendered":"https:\/\/grupotextil.es\/producto\/heavier-pro-l-s-women\/"},"modified":"2026-04-19T04:07:11","modified_gmt":"2026-04-19T02:07:11","slug":"heavier-pro-l-s-women","status":"publish","type":"product","link":"https:\/\/grupotextil.es\/ca\/product\/heavier-pro-l-s-women\/","title":{"rendered":"Heavier Pro L\/S Women"},"content":{"rendered":"<p>Camiseta de manga larga perfecta para quienes adoran el ajuste cl\u00e1sico de la Heavier Pro Lady. Dise\u00f1ada con un favorecedor escote redondo y mangas largas, esta camiseta ofrece el mismo aspecto c\u00f3modo y entallado con la calidez y el a\u00f1adido de las mangas enteras.<\/p>\n<p><strong>Composici\u00f3n:<\/strong> 60% Algod\u00f3n org\u00e1nico 40% poli\u00e9ster reciclado. | <strong>Peso:<\/strong> 180 g\/m\u00b2 | <strong>Tallas:<\/strong> XS-3XL<\/p>","protected":false},"excerpt":{"rendered":"<p>Camiseta de manga larga perfecta para quienes adoran el ajuste cl\u00e1sico de la Heavier Pro Lady. Dise\u00f1ada con un favorecedor escote redondo y mangas largas, esta camiseta ofrece el mismo aspecto c\u00f3modo y entallado con la calidez y el a\u00f1adido de las man<\/p>","protected":false},"featured_media":237011,"comment_status":"open","ping_status":"closed","template":"","meta":{"_acf_changed":false},"product_brand":[10522],"product_cat":[13974,13975,13973],"product_tag":[],"class_list":{"0":"post-232300","1":"product","2":"type-product","3":"status-publish","4":"has-post-thumbnail","6":"product_brand-printer","7":"product_cat-ropa-hombre","8":"product_cat-ropa-mujer","9":"product_cat-ropa","10":"tm-no-options","12":"first","13":"instock","14":"taxable","15":"shipping-taxable","16":"product-type-variable"},"acf":[],"_links":{"self":[{"href":"https:\/\/grupotextil.es\/ca\/wp-json\/wp\/v2\/product\/232300","targetHints":{"allow":["GET"]}}],"collection":[{"href":"https:\/\/grupotextil.es\/ca\/wp-json\/wp\/v2\/product"}],"about":[{"href":"https:\/\/grupotextil.es\/ca\/wp-json\/wp\/v2\/types\/product"}],"replies":[{"embeddable":true,"href":"https:\/\/grupotextil.es\/ca\/wp-json\/wp\/v2\/comments?post=232300"}],"wp:featuredmedia":[{"embeddable":true,"href":"https:\/\/grupotextil.es\/ca\/wp-json\/wp\/v2\/media\/237011"}],"wp:attachment":[{"href":"https:\/\/grupotextil.es\/ca\/wp-json\/wp\/v2\/media?parent=232300"}],"wp:term":[{"taxonomy":"product_brand","embeddable":true,"href":"https:\/\/grupotextil.es\/ca\/wp-json\/wp\/v2\/product_brand?post=232300"},{"taxonomy":"product_cat","embeddable":true,"href":"https:\/\/grupotextil.es\/ca\/wp-json\/wp\/v2\/product_cat?post=232300"},{"taxonomy":"product_tag","embeddable":true,"href":"https:\/\/grupotextil.es\/ca\/wp-json\/wp\/v2\/product_tag?post=232300"}],"curies":[{"name":"wp","href":"https:\/\/api.w.org\/{rel}","templated":true}]}}