{"id":232330,"date":"2026-03-04T07:28:01","date_gmt":"2026-03-04T06:28:01","guid":{"rendered":"https:\/\/grupotextil.es\/producto\/rush-2-0-capri-w\/"},"modified":"2026-04-26T04:06:03","modified_gmt":"2026-04-26T02:06:03","slug":"rush-2-0-capri-w","status":"publish","type":"product","link":"https:\/\/grupotextil.es\/ca\/product\/rush-2-0-capri-w\/","title":{"rendered":"Rush 2.0 Capri W"},"content":{"rendered":"<p>Los Rush 2.0 Capri son unos shorts hasta la rodilla ligeros y el\u00e1sticos que ofrecen una eliminaci\u00f3n eficiente de la humedad y una gran libertad de movimiento durante actividades f\u00edsicas intensas como el atletismo, la gimnasia o el v\u00f3ley playa.<\/p>\n<p>La versi\u00f3n 2.0 se ha actualizado con un nuevo material m\u00e1s resistente y el\u00e1stico que proporciona una mayor contracci\u00f3n y menos transparencia. \u2022 Confeccionados con poli\u00e9ster reciclado Perfecta para la inclusi\u00f3n de marcas con el logotipo del club, patrocinios o empresas.<\/p>\n<p>\u2022 Tejido de poli\u00e9ster reciclado y elastano<\/p>\n<p>\u2022 Dise\u00f1o actualizado con un material nuevo, m\u00e1s resistente y el\u00e1stico<\/p>\n<p>\u2022 Gran efecto de contracci\u00f3n y menos transparencia<\/p>\n<p>\u2022 Cintura ancha para m\u00e1ximo confort<\/p>\n<p>\u2022 Cord\u00f3n en la cintura para un ajuste \u00f3ptimo<\/p>\n<p>\u2022 Dise\u00f1o limpio<\/p>\n<p><strong>Composici\u00f3n:<\/strong> 72% Polyester-Recycled, 28% Elastane | <strong>Tallas:<\/strong> XS-XXL<\/p>","protected":false},"excerpt":{"rendered":"<p>Los Rush 2.0 Capri son unos shorts hasta la rodilla ligeros y el\u00e1sticos que ofrecen una eliminaci\u00f3n eficiente de la humedad y una gran libertad de movimiento durante actividades f\u00edsicas intensas como el atletismo, la gimnasia o el v\u00f3ley playa.<\/p>","protected":false},"featured_media":237015,"comment_status":"open","ping_status":"closed","template":"","meta":{"_acf_changed":false},"product_brand":[10489],"product_cat":[15147],"product_tag":[],"class_list":{"0":"post-232330","1":"product","2":"type-product","3":"status-publish","4":"has-post-thumbnail","6":"product_brand-craft","7":"product_cat-new-wave","8":"tm-no-options","10":"first","11":"instock","12":"taxable","13":"shipping-taxable","14":"product-type-variable"},"acf":[],"_links":{"self":[{"href":"https:\/\/grupotextil.es\/ca\/wp-json\/wp\/v2\/product\/232330","targetHints":{"allow":["GET"]}}],"collection":[{"href":"https:\/\/grupotextil.es\/ca\/wp-json\/wp\/v2\/product"}],"about":[{"href":"https:\/\/grupotextil.es\/ca\/wp-json\/wp\/v2\/types\/product"}],"replies":[{"embeddable":true,"href":"https:\/\/grupotextil.es\/ca\/wp-json\/wp\/v2\/comments?post=232330"}],"wp:featuredmedia":[{"embeddable":true,"href":"https:\/\/grupotextil.es\/ca\/wp-json\/wp\/v2\/media\/237015"}],"wp:attachment":[{"href":"https:\/\/grupotextil.es\/ca\/wp-json\/wp\/v2\/media?parent=232330"}],"wp:term":[{"taxonomy":"product_brand","embeddable":true,"href":"https:\/\/grupotextil.es\/ca\/wp-json\/wp\/v2\/product_brand?post=232330"},{"taxonomy":"product_cat","embeddable":true,"href":"https:\/\/grupotextil.es\/ca\/wp-json\/wp\/v2\/product_cat?post=232330"},{"taxonomy":"product_tag","embeddable":true,"href":"https:\/\/grupotextil.es\/ca\/wp-json\/wp\/v2\/product_tag?post=232330"}],"curies":[{"name":"wp","href":"https:\/\/api.w.org\/{rel}","templated":true}]}}