{"id":232334,"date":"2026-03-04T07:28:04","date_gmt":"2026-03-04T06:28:04","guid":{"rendered":"https:\/\/grupotextil.es\/producto\/6424-chaqueta-acolchada-mujer-hv-clase-3-2\/"},"modified":"2026-04-19T04:07:11","modified_gmt":"2026-04-19T02:07:11","slug":"6424-chaqueta-acolchada-mujer-hv-clase-3-2","status":"publish","type":"product","link":"https:\/\/grupotextil.es\/ca\/product\/6424-chaqueta-acolchada-mujer-hv-clase-3-2\/","title":{"rendered":"6424 CHAQUETA ACOLCHADA MUJER HV CLASE 3\/2"},"content":{"rendered":"<p>Chaqueta en material softshell repelente a viento y agua. Forro acolchado y polar en el cuello para mayor calidez y confort. Dos bolsillos en el pecho, el izquierdo con bolsillo interior para m\u00f3vil y soluci\u00f3n para manos libres. Dos bolsillos laterales. Bolsillo en la manga del brazo izquierdo para llaves, tarjetas, etc. Bolsillos interiores en ambos lados, doble bolsillo en el lado izquierdo, uno con cierre de velcro y otro con cremallera. Gancho para tarjeta de identificaci\u00f3n. Cremalleras de ventilaci\u00f3n bajo los brazos con malla. Espalda alargada. Capucha desmontable, ajustable con cord\u00f3n. Pu\u00f1os ajustables con velcro y cintura ajustable con cord\u00f3n. El forro se puede abrir para facilitar la impresi\u00f3n.<\/p>\n<p><strong>Composici\u00f3n:<\/strong> 100% Poli\u00e9ster, 250 g\/m2 | <strong>Peso:<\/strong> 250 g\/m\u00b2 | <strong>Tallas:<\/strong> XS-3XL<\/p>","protected":false},"excerpt":{"rendered":"<p>Chaqueta en material softshell repelente a viento y agua. Forro acolchado y polar en el cuello para mayor calidez y confort. Dos bolsillos en el pecho, el izquierdo con bolsillo interior para m\u00f3vil y soluci\u00f3n para manos libres. Dos bolsillos laterale<\/p>","protected":false},"featured_media":237016,"comment_status":"open","ping_status":"closed","template":"","meta":{"_acf_changed":false},"product_brand":[10531],"product_cat":[13998],"product_tag":[],"class_list":{"0":"post-232334","1":"product","2":"type-product","3":"status-publish","4":"has-post-thumbnail","6":"product_brand-projob","7":"product_cat-n-chaquetas","8":"tm-no-options","10":"first","11":"instock","12":"taxable","13":"shipping-taxable","14":"product-type-variable"},"acf":[],"_links":{"self":[{"href":"https:\/\/grupotextil.es\/ca\/wp-json\/wp\/v2\/product\/232334","targetHints":{"allow":["GET"]}}],"collection":[{"href":"https:\/\/grupotextil.es\/ca\/wp-json\/wp\/v2\/product"}],"about":[{"href":"https:\/\/grupotextil.es\/ca\/wp-json\/wp\/v2\/types\/product"}],"replies":[{"embeddable":true,"href":"https:\/\/grupotextil.es\/ca\/wp-json\/wp\/v2\/comments?post=232334"}],"wp:featuredmedia":[{"embeddable":true,"href":"https:\/\/grupotextil.es\/ca\/wp-json\/wp\/v2\/media\/237016"}],"wp:attachment":[{"href":"https:\/\/grupotextil.es\/ca\/wp-json\/wp\/v2\/media?parent=232334"}],"wp:term":[{"taxonomy":"product_brand","embeddable":true,"href":"https:\/\/grupotextil.es\/ca\/wp-json\/wp\/v2\/product_brand?post=232334"},{"taxonomy":"product_cat","embeddable":true,"href":"https:\/\/grupotextil.es\/ca\/wp-json\/wp\/v2\/product_cat?post=232334"},{"taxonomy":"product_tag","embeddable":true,"href":"https:\/\/grupotextil.es\/ca\/wp-json\/wp\/v2\/product_tag?post=232334"}],"curies":[{"name":"wp","href":"https:\/\/api.w.org\/{rel}","templated":true}]}}