{"id":232346,"date":"2026-03-04T07:28:13","date_gmt":"2026-03-04T06:28:13","guid":{"rendered":"https:\/\/grupotextil.es\/producto\/ability-skirt-w\/"},"modified":"2026-04-19T04:07:11","modified_gmt":"2026-04-19T02:07:11","slug":"ability-skirt-w","status":"publish","type":"product","link":"https:\/\/grupotextil.es\/ca\/product\/ability-skirt-w\/","title":{"rendered":"Ability Skirt W"},"content":{"rendered":"<p>La Ability es una falda de entrenamiento y competici\u00f3n muy funcional dise\u00f1ada para deportes de raqueta como el tenis o el p\u00e1del.<\/p>\n<p>La falda est\u00e1 confeccionada con un tejido de poli\u00e9ster funcional y el\u00e1stico que ofrece una excepcional eliminaci\u00f3n de la humedad y libertad de movimiento. Su malla interior, con un bolsillo de malla el\u00e1stica en cada pierna, permite guardar las pelotas de tenis durante los partidos m\u00e1s intensos. Adem\u00e1s, la falda cuenta con ventilaci\u00f3n perforada en la parte posterior para mejorar el flujo de aire y una cintura ancha para una comodidad \u00f3ptima. Perfecta para la inclusi\u00f3n de marcas con el logotipo del club, patrocinios o empresas.<\/p>\n<p>\u2022 Tejido ligero y el\u00e1stico confeccionado con poli\u00e9ster reciclado y elastano<\/p>\n<p>\u2022 Mallas interiores el\u00e1sticas y muy funcionales<\/p>\n<p>\u2022 Perforada en la parte posterior<\/p>\n<p>\u2022 Bolsillo de malla el\u00e1stica en cada pierna<\/p>\n<p>\u2022 Cintura el\u00e1stica ancha<\/p>\n<p>\u2022 Dise\u00f1o limpio<\/p>\n<p><strong>Composici\u00f3n:<\/strong> Body 88% Polyester Recycled, 12% Elastane, Lining 88% Polyester Recycled, 12% Elastane | <strong>Tallas:<\/strong> XS-XXL<\/p>","protected":false},"excerpt":{"rendered":"<p>La Ability es una falda de entrenamiento y competici\u00f3n muy funcional dise\u00f1ada para deportes de raqueta como el tenis o el p\u00e1del.<\/p>","protected":false},"featured_media":237018,"comment_status":"open","ping_status":"closed","template":"","meta":{"_acf_changed":false},"product_brand":[10489],"product_cat":[13983],"product_tag":[],"class_list":{"0":"post-232346","1":"product","2":"type-product","3":"status-publish","4":"has-post-thumbnail","6":"product_brand-craft","7":"product_cat-h-pantalones","8":"tm-no-options","10":"first","11":"instock","12":"taxable","13":"shipping-taxable","14":"product-type-variable"},"acf":[],"_links":{"self":[{"href":"https:\/\/grupotextil.es\/ca\/wp-json\/wp\/v2\/product\/232346","targetHints":{"allow":["GET"]}}],"collection":[{"href":"https:\/\/grupotextil.es\/ca\/wp-json\/wp\/v2\/product"}],"about":[{"href":"https:\/\/grupotextil.es\/ca\/wp-json\/wp\/v2\/types\/product"}],"replies":[{"embeddable":true,"href":"https:\/\/grupotextil.es\/ca\/wp-json\/wp\/v2\/comments?post=232346"}],"wp:featuredmedia":[{"embeddable":true,"href":"https:\/\/grupotextil.es\/ca\/wp-json\/wp\/v2\/media\/237018"}],"wp:attachment":[{"href":"https:\/\/grupotextil.es\/ca\/wp-json\/wp\/v2\/media?parent=232346"}],"wp:term":[{"taxonomy":"product_brand","embeddable":true,"href":"https:\/\/grupotextil.es\/ca\/wp-json\/wp\/v2\/product_brand?post=232346"},{"taxonomy":"product_cat","embeddable":true,"href":"https:\/\/grupotextil.es\/ca\/wp-json\/wp\/v2\/product_cat?post=232346"},{"taxonomy":"product_tag","embeddable":true,"href":"https:\/\/grupotextil.es\/ca\/wp-json\/wp\/v2\/product_tag?post=232346"}],"curies":[{"name":"wp","href":"https:\/\/api.w.org\/{rel}","templated":true}]}}