{"id":232365,"date":"2026-03-04T07:28:23","date_gmt":"2026-03-04T06:28:23","guid":{"rendered":"https:\/\/grupotextil.es\/producto\/community-2-0-pants-m\/"},"modified":"2026-04-19T04:07:11","modified_gmt":"2026-04-19T02:07:11","slug":"community-2-0-pants-m","status":"publish","type":"product","link":"https:\/\/grupotextil.es\/ca\/product\/community-2-0-pants-m\/","title":{"rendered":"Community 2.0 Pants M"},"content":{"rendered":"<p>De pernera c\u00f3nica y est\u00e9tica deportiva, los pantalones Community 2.0 Pants est\u00e1n dise\u00f1ados para los momentos de relax fuera del terreno de juego. Confeccionados con una suave mezcla de poli\u00e9ster reciclado y algod\u00f3n org\u00e1nico y con una superficie interior cepillada, estos pantalones de ch\u00e1ndal tienen un tacto suave y ofrecen una gran comodidad, lo que contribuye a reforzar el esp\u00edritu de equipo. Gracias a su dise\u00f1o limpio, estos pantalones ofrecen un amplio espacio para el escudo y los logotipos de los patrocinadores.<\/p>\n<p>\u2022 Tejido suave confeccionado con poli\u00e9ster reciclado y algod\u00f3n org\u00e1nico<\/p>\n<p>\u2022 Interior cepillado<\/p>\n<p>\u2022 Pernera c\u00f3nica<\/p>\n<p>\u2022 Cierre de la pierna en punto de canal\u00e9<\/p>\n<p>\u2022 Cord\u00f3n en la cintura<\/p>\n<p>\u2022 Dos bolsillos laterales<\/p>\n<p>\u2022 Dise\u00f1o limpio para escudos y logotipos<\/p>\n<p>\u2022 Regular fit<\/p>\n<p><strong>Composici\u00f3n:<\/strong> Solid colors: 60% Cotton-Organic 40% Polyester-Recycled<br \/>\nMelange colors: 63% Cotton-Organic 31% Polyester-Recycled 6% Viscose | <strong>Peso:<\/strong> 280g\/m2 | <strong>Tallas:<\/strong> XS-3XL<\/p>","protected":false},"excerpt":{"rendered":"<p>De pernera c\u00f3nica y est\u00e9tica deportiva, los pantalones Community 2.0 Pants est\u00e1n dise\u00f1ados para los momentos de relax fuera del terreno de juego. Confeccionados con una suave mezcla de poli\u00e9ster reciclado y algod\u00f3n org\u00e1nico y con una superficie inter<\/p>","protected":false},"featured_media":237021,"comment_status":"open","ping_status":"closed","template":"","meta":{"_acf_changed":false},"product_brand":[10489],"product_cat":[13983],"product_tag":[],"class_list":{"0":"post-232365","1":"product","2":"type-product","3":"status-publish","4":"has-post-thumbnail","6":"product_brand-craft","7":"product_cat-h-pantalones","8":"tm-no-options","10":"first","11":"instock","12":"taxable","13":"shipping-taxable","14":"product-type-variable"},"acf":[],"_links":{"self":[{"href":"https:\/\/grupotextil.es\/ca\/wp-json\/wp\/v2\/product\/232365","targetHints":{"allow":["GET"]}}],"collection":[{"href":"https:\/\/grupotextil.es\/ca\/wp-json\/wp\/v2\/product"}],"about":[{"href":"https:\/\/grupotextil.es\/ca\/wp-json\/wp\/v2\/types\/product"}],"replies":[{"embeddable":true,"href":"https:\/\/grupotextil.es\/ca\/wp-json\/wp\/v2\/comments?post=232365"}],"wp:featuredmedia":[{"embeddable":true,"href":"https:\/\/grupotextil.es\/ca\/wp-json\/wp\/v2\/media\/237021"}],"wp:attachment":[{"href":"https:\/\/grupotextil.es\/ca\/wp-json\/wp\/v2\/media?parent=232365"}],"wp:term":[{"taxonomy":"product_brand","embeddable":true,"href":"https:\/\/grupotextil.es\/ca\/wp-json\/wp\/v2\/product_brand?post=232365"},{"taxonomy":"product_cat","embeddable":true,"href":"https:\/\/grupotextil.es\/ca\/wp-json\/wp\/v2\/product_cat?post=232365"},{"taxonomy":"product_tag","embeddable":true,"href":"https:\/\/grupotextil.es\/ca\/wp-json\/wp\/v2\/product_tag?post=232365"}],"curies":[{"name":"wp","href":"https:\/\/api.w.org\/{rel}","templated":true}]}}