{"id":232422,"date":"2026-03-04T07:29:01","date_gmt":"2026-03-04T06:29:01","guid":{"rendered":"https:\/\/grupotextil.es\/producto\/miami-pro-hoody-full-zip\/"},"modified":"2026-04-26T04:06:03","modified_gmt":"2026-04-26T02:06:03","slug":"miami-pro-hoody-full-zip","status":"publish","type":"product","link":"https:\/\/grupotextil.es\/ca\/product\/miami-pro-hoody-full-zip\/","title":{"rendered":"Miami PRO Hoody Full Zip"},"content":{"rendered":"<p>Sudadera unisex con capucha y cremallera entera, confeccionada en French Terry y una mezcla de algod\u00f3n y poli\u00e9ster reciclado. Manga ragl\u00e1n, bolsillo canguro y solapa protectora en la parte superior de la cremallera met\u00e1lica. La sudadera tiene una doble capa para mayor estabilidad. Los extremos del cord\u00f3n y los ojales son de metal. Pu\u00f1os y dobladillo en canal\u00e9 2&#215;2. Incluye cinta reforzada en el cuello a contraste, una presilla para colgar y etiqueta f\u00e1cil de quitar. El tejido suave y estabilizado est\u00e1 dise\u00f1ado para lavados intensos y tiene propiedades anti-pilling.<\/p>\n<p><strong>Composici\u00f3n:<\/strong> 80% algod\u00f3n \/ 20% poli\u00e9ster reciclado | <strong>Peso:<\/strong> 280 g\/m2 | <strong>Tallas:<\/strong> XS-4XL<\/p>","protected":false},"excerpt":{"rendered":"<p>Sudadera unisex con capucha y cremallera entera, confeccionada en French Terry y una mezcla de algod\u00f3n y poli\u00e9ster reciclado. Manga ragl\u00e1n, bolsillo canguro y solapa protectora en la parte superior de la cremallera met\u00e1lica. La sudadera tiene una dob<\/p>","protected":false},"featured_media":237032,"comment_status":"open","ping_status":"closed","template":"","meta":{"_acf_changed":false},"product_brand":[10446],"product_cat":[15137,13980],"product_tag":[],"class_list":{"0":"post-232422","1":"product","2":"type-product","3":"status-publish","4":"has-post-thumbnail","6":"product_brand-clique","7":"product_cat-hombre-unisex-mujer","8":"product_cat-h-sudaderas","9":"tm-no-options","11":"first","12":"instock","13":"taxable","14":"shipping-taxable","15":"product-type-variable"},"acf":[],"_links":{"self":[{"href":"https:\/\/grupotextil.es\/ca\/wp-json\/wp\/v2\/product\/232422","targetHints":{"allow":["GET"]}}],"collection":[{"href":"https:\/\/grupotextil.es\/ca\/wp-json\/wp\/v2\/product"}],"about":[{"href":"https:\/\/grupotextil.es\/ca\/wp-json\/wp\/v2\/types\/product"}],"replies":[{"embeddable":true,"href":"https:\/\/grupotextil.es\/ca\/wp-json\/wp\/v2\/comments?post=232422"}],"wp:featuredmedia":[{"embeddable":true,"href":"https:\/\/grupotextil.es\/ca\/wp-json\/wp\/v2\/media\/237032"}],"wp:attachment":[{"href":"https:\/\/grupotextil.es\/ca\/wp-json\/wp\/v2\/media?parent=232422"}],"wp:term":[{"taxonomy":"product_brand","embeddable":true,"href":"https:\/\/grupotextil.es\/ca\/wp-json\/wp\/v2\/product_brand?post=232422"},{"taxonomy":"product_cat","embeddable":true,"href":"https:\/\/grupotextil.es\/ca\/wp-json\/wp\/v2\/product_cat?post=232422"},{"taxonomy":"product_tag","embeddable":true,"href":"https:\/\/grupotextil.es\/ca\/wp-json\/wp\/v2\/product_tag?post=232422"}],"curies":[{"name":"wp","href":"https:\/\/api.w.org\/{rel}","templated":true}]}}