{"id":232427,"date":"2026-03-04T07:29:06","date_gmt":"2026-03-04T06:29:06","guid":{"rendered":"https:\/\/grupotextil.es\/producto\/over-t\/"},"modified":"2026-04-19T04:07:12","modified_gmt":"2026-04-19T02:07:12","slug":"over-t","status":"publish","type":"product","link":"https:\/\/grupotextil.es\/ca\/product\/over-t\/","title":{"rendered":"Over-T"},"content":{"rendered":"<p>Camiseta unisex holgada fabricada en algod\u00f3n 100% ring-spun. Cuello doble ligeramente m\u00e1s ancho en algod\u00f3n y elastano, tapeta reforzada y de f\u00e1cil reetiquetado. Prenda preencogida y con tratamiento enzim\u00e1tico.<\/p>\n<p><strong>Composici\u00f3n:<\/strong> 100% Algod\u00f3n | <strong>Peso:<\/strong> 200 g\/m2 | <strong>Tallas:<\/strong> XS-3XL<\/p>","protected":false},"excerpt":{"rendered":"<p>Camiseta unisex holgada fabricada en algod\u00f3n 100% ring-spun. Cuello doble ligeramente m\u00e1s ancho en algod\u00f3n y elastano, tapeta reforzada y de f\u00e1cil reetiquetado. Prenda preencogida y con tratamiento enzim\u00e1tico.<\/p>","protected":false},"featured_media":237033,"comment_status":"open","ping_status":"closed","template":"","meta":{"_acf_changed":false},"product_brand":[10446],"product_cat":[13995,15156],"product_tag":[],"class_list":{"0":"post-232427","1":"product","2":"type-product","3":"status-publish","4":"has-post-thumbnail","6":"product_brand-clique","7":"product_cat-n-camisetas","8":"product_cat-hombre-unisex","9":"tm-no-options","11":"first","12":"instock","13":"taxable","14":"shipping-taxable","15":"product-type-variable"},"acf":[],"_links":{"self":[{"href":"https:\/\/grupotextil.es\/ca\/wp-json\/wp\/v2\/product\/232427","targetHints":{"allow":["GET"]}}],"collection":[{"href":"https:\/\/grupotextil.es\/ca\/wp-json\/wp\/v2\/product"}],"about":[{"href":"https:\/\/grupotextil.es\/ca\/wp-json\/wp\/v2\/types\/product"}],"replies":[{"embeddable":true,"href":"https:\/\/grupotextil.es\/ca\/wp-json\/wp\/v2\/comments?post=232427"}],"wp:featuredmedia":[{"embeddable":true,"href":"https:\/\/grupotextil.es\/ca\/wp-json\/wp\/v2\/media\/237033"}],"wp:attachment":[{"href":"https:\/\/grupotextil.es\/ca\/wp-json\/wp\/v2\/media?parent=232427"}],"wp:term":[{"taxonomy":"product_brand","embeddable":true,"href":"https:\/\/grupotextil.es\/ca\/wp-json\/wp\/v2\/product_brand?post=232427"},{"taxonomy":"product_cat","embeddable":true,"href":"https:\/\/grupotextil.es\/ca\/wp-json\/wp\/v2\/product_cat?post=232427"},{"taxonomy":"product_tag","embeddable":true,"href":"https:\/\/grupotextil.es\/ca\/wp-json\/wp\/v2\/product_tag?post=232427"}],"curies":[{"name":"wp","href":"https:\/\/api.w.org\/{rel}","templated":true}]}}