{"id":232515,"date":"2026-03-04T07:30:04","date_gmt":"2026-03-04T06:30:04","guid":{"rendered":"https:\/\/grupotextil.es\/producto\/frequent-heavy-ss-tee-w\/"},"modified":"2026-04-26T04:06:04","modified_gmt":"2026-04-26T02:06:04","slug":"frequent-heavy-ss-tee-w","status":"publish","type":"product","link":"https:\/\/grupotextil.es\/ca\/product\/frequent-heavy-ss-tee-w\/","title":{"rendered":"Frequent Heavy SS Tee W"},"content":{"rendered":"<p>Frequent Heavy Tee es una camiseta informal y duradera, perfecta tanto para los d\u00edas de viaje como para el d\u00eda a d\u00eda. Confeccionada con un tejido de algod\u00f3n grueso y dise\u00f1ada con un corte relajado, esta vers\u00e1til prenda proporciona una excelente comodidad durante todo el d\u00eda. Perfecto para la inclusi\u00f3n de marcas con el logotipo del club, patrocinios o empresas.<\/p>\n<p>\u2022 Tejido grueso de algod\u00f3n 100\u00a0% org\u00e1nico (220 gsm)<\/p>\n<p>\u2022 Dise\u00f1o limpio<\/p>\n<p>\u2022 Ajuste relajado<\/p>\n<p><strong>Composici\u00f3n:<\/strong> 100% Algod\u00f3n org\u00e1nico | <strong>Peso:<\/strong> 220 gsm | <strong>Tallas:<\/strong> XS-XXL<\/p>","protected":false},"excerpt":{"rendered":"<p>Frequent Heavy Tee es una camiseta informal y duradera, perfecta tanto para los d\u00edas de viaje como para el d\u00eda a d\u00eda. Confeccionada con un tejido de algod\u00f3n grueso y dise\u00f1ada con un corte relajado, esta vers\u00e1til prenda proporciona una excelente comod<\/p>","protected":false},"featured_media":237047,"comment_status":"open","ping_status":"closed","template":"","meta":{"_acf_changed":false},"product_brand":[10489],"product_cat":[13986,13977,13990,13981,13974,13932,13930,13975,13935,13973],"product_tag":[],"class_list":{"0":"post-232515","1":"product","2":"type-product","3":"status-publish","4":"has-post-thumbnail","6":"product_brand-craft","7":"product_cat-m-camisetas-manga-corta","8":"product_cat-h-camisetas-manga-corta","9":"product_cat-m-chaquetas-y-abrigos","10":"product_cat-h-chaquetas-y-abrigos","11":"product_cat-ropa-hombre","12":"product_cat-hosteleria-horeca","13":"product_cat-laboral","14":"product_cat-ropa-mujer","15":"product_cat-pantalones-cocina","16":"product_cat-ropa","17":"tm-no-options","19":"first","20":"instock","21":"taxable","22":"shipping-taxable","23":"product-type-variable"},"acf":[],"_links":{"self":[{"href":"https:\/\/grupotextil.es\/ca\/wp-json\/wp\/v2\/product\/232515","targetHints":{"allow":["GET"]}}],"collection":[{"href":"https:\/\/grupotextil.es\/ca\/wp-json\/wp\/v2\/product"}],"about":[{"href":"https:\/\/grupotextil.es\/ca\/wp-json\/wp\/v2\/types\/product"}],"replies":[{"embeddable":true,"href":"https:\/\/grupotextil.es\/ca\/wp-json\/wp\/v2\/comments?post=232515"}],"wp:featuredmedia":[{"embeddable":true,"href":"https:\/\/grupotextil.es\/ca\/wp-json\/wp\/v2\/media\/237047"}],"wp:attachment":[{"href":"https:\/\/grupotextil.es\/ca\/wp-json\/wp\/v2\/media?parent=232515"}],"wp:term":[{"taxonomy":"product_brand","embeddable":true,"href":"https:\/\/grupotextil.es\/ca\/wp-json\/wp\/v2\/product_brand?post=232515"},{"taxonomy":"product_cat","embeddable":true,"href":"https:\/\/grupotextil.es\/ca\/wp-json\/wp\/v2\/product_cat?post=232515"},{"taxonomy":"product_tag","embeddable":true,"href":"https:\/\/grupotextil.es\/ca\/wp-json\/wp\/v2\/product_tag?post=232515"}],"curies":[{"name":"wp","href":"https:\/\/api.w.org\/{rel}","templated":true}]}}