{"id":232546,"date":"2026-03-04T07:30:26","date_gmt":"2026-03-04T06:30:26","guid":{"rendered":"https:\/\/grupotextil.es\/producto\/scarsdale-sweater-men\/"},"modified":"2026-04-26T04:06:04","modified_gmt":"2026-04-26T02:06:04","slug":"scarsdale-sweater-men","status":"publish","type":"product","link":"https:\/\/grupotextil.es\/ca\/product\/scarsdale-sweater-men\/","title":{"rendered":"Scarsdale Sweater Men"},"content":{"rendered":"<p>Jersey Scarsdale, un cl\u00e1sico de la comodidad con un toque moderno. Con un tejido de punto estructurado en la parte delantera y trasera, este jersey ofrece textura y profundidad, mientras que las mangas ragl\u00e1n se acent\u00faan con dos rayas a contraste para un toque deportivo y contempor\u00e1neo. Confeccionado con un 80% de algod\u00f3n org\u00e1nico certificado y un 20% de poli\u00e9ster reciclado certificado.<\/p>\n<p><strong>Composici\u00f3n:<\/strong> 80% algod\u00f3n org\u00e1nico, 20% poli\u00e9ster reciclado | <strong>Peso:<\/strong> 12GG | <strong>Tallas:<\/strong> S-4XL<\/p>","protected":false},"excerpt":{"rendered":"<p>Jersey Scarsdale, un cl\u00e1sico de la comodidad con un toque moderno. Con un tejido de punto estructurado en la parte delantera y trasera, este jersey ofrece textura y profundidad, mientras que las mangas ragl\u00e1n se acent\u00faan con dos rayas a contraste par<\/p>","protected":false},"featured_media":237052,"comment_status":"open","ping_status":"closed","template":"","meta":{"_acf_changed":false},"product_brand":[10521],"product_cat":[15147],"product_tag":[],"class_list":{"0":"post-232546","1":"product","2":"type-product","3":"status-publish","4":"has-post-thumbnail","6":"product_brand-james-harvest","7":"product_cat-new-wave","8":"tm-no-options","10":"first","11":"instock","12":"taxable","13":"shipping-taxable","14":"product-type-variable"},"acf":[],"_links":{"self":[{"href":"https:\/\/grupotextil.es\/ca\/wp-json\/wp\/v2\/product\/232546","targetHints":{"allow":["GET"]}}],"collection":[{"href":"https:\/\/grupotextil.es\/ca\/wp-json\/wp\/v2\/product"}],"about":[{"href":"https:\/\/grupotextil.es\/ca\/wp-json\/wp\/v2\/types\/product"}],"replies":[{"embeddable":true,"href":"https:\/\/grupotextil.es\/ca\/wp-json\/wp\/v2\/comments?post=232546"}],"wp:featuredmedia":[{"embeddable":true,"href":"https:\/\/grupotextil.es\/ca\/wp-json\/wp\/v2\/media\/237052"}],"wp:attachment":[{"href":"https:\/\/grupotextil.es\/ca\/wp-json\/wp\/v2\/media?parent=232546"}],"wp:term":[{"taxonomy":"product_brand","embeddable":true,"href":"https:\/\/grupotextil.es\/ca\/wp-json\/wp\/v2\/product_brand?post=232546"},{"taxonomy":"product_cat","embeddable":true,"href":"https:\/\/grupotextil.es\/ca\/wp-json\/wp\/v2\/product_cat?post=232546"},{"taxonomy":"product_tag","embeddable":true,"href":"https:\/\/grupotextil.es\/ca\/wp-json\/wp\/v2\/product_tag?post=232546"}],"curies":[{"name":"wp","href":"https:\/\/api.w.org\/{rel}","templated":true}]}}