{"id":232623,"date":"2026-03-04T07:31:22","date_gmt":"2026-03-04T06:31:22","guid":{"rendered":"https:\/\/grupotextil.es\/producto\/7601-mono7601-mono-9910-vis\/"},"modified":"2026-04-26T04:06:04","modified_gmt":"2026-04-26T02:06:04","slug":"7601-mono7601-mono-9910-vis","status":"publish","type":"product","link":"https:\/\/grupotextil.es\/ca\/product\/7601-mono7601-mono-9910-vis\/","title":{"rendered":"7601 MONO\n7601 MONO 9910-VIS"},"content":{"rendered":"<p>Mono con cremallera bidireccional hasta el cuello en la parte delantera. Cremallera frontal cubierta con solapa y cierre de bot\u00f3n a presi\u00f3n. Bolsillo en el lado derecho con soporte interior para sujetar la tarjeta de identificaci\u00f3n. Bolsillos laterales profundos a ambos lados, tambi\u00e9n aberturas para acceder a los bolsillos de los pantalones debajo del mono. Bolsillos en piernas, en el lado izquierdo un amplio bolsillo con solapa y cierre de velcro y un bolsillo interior para el m\u00f3bil. En el lado derecho, bolsillos para bol\u00edgrafos, papel y cinta m\u00e9trica. Bolsillos de protecci\u00f3n en las rodillas, apertura desde el exterior con cremallera. Rodillas precurvadas y banda el\u00e1stica cosida ajustable en la cintura para mayor comodidad. Bolsillos traseros, el izquierdo con solapa y cierre magn\u00e9tico. Pu\u00f1os ajustables con velcro.<\/p>\n<p>Probado para lavado industrial seg\u00fan ISO 15797<\/p>\n<p>Mayor visibilidad EN 17353<\/p>\n<p>Se suministra en una bolsa compostable de base biol\u00f3gica<\/p>\n<p><strong>Composici\u00f3n:<\/strong> 63% poli\u00e9ster reciclado, 35% algod\u00f3n org\u00e1nico, 2% elastano &#8211; 245 g\/m2 Tejido 2: 100% nylon reciclado Cordura\u00ae Tejido 3: 90% poliamida reciclada, 10% elastano | <strong>Tallas:<\/strong> C44-C62<\/p>","protected":false},"excerpt":{"rendered":"<p>Mono con cremallera bidireccional hasta el cuello en la parte delantera. Cremallera frontal cubierta con solapa y cierre de bot\u00f3n a presi\u00f3n. Bolsillo en el lado derecho con soporte interior para sujetar la tarjeta de identificaci\u00f3n. Bolsillos lateral<\/p>","protected":false},"featured_media":237065,"comment_status":"open","ping_status":"closed","template":"","meta":{"_acf_changed":false},"product_brand":[10531],"product_cat":[15147],"product_tag":[],"class_list":{"0":"post-232623","1":"product","2":"type-product","3":"status-publish","4":"has-post-thumbnail","6":"product_brand-projob","7":"product_cat-new-wave","8":"tm-no-options","10":"first","11":"instock","12":"taxable","13":"shipping-taxable","14":"product-type-variable"},"acf":[],"_links":{"self":[{"href":"https:\/\/grupotextil.es\/ca\/wp-json\/wp\/v2\/product\/232623","targetHints":{"allow":["GET"]}}],"collection":[{"href":"https:\/\/grupotextil.es\/ca\/wp-json\/wp\/v2\/product"}],"about":[{"href":"https:\/\/grupotextil.es\/ca\/wp-json\/wp\/v2\/types\/product"}],"replies":[{"embeddable":true,"href":"https:\/\/grupotextil.es\/ca\/wp-json\/wp\/v2\/comments?post=232623"}],"wp:featuredmedia":[{"embeddable":true,"href":"https:\/\/grupotextil.es\/ca\/wp-json\/wp\/v2\/media\/237065"}],"wp:attachment":[{"href":"https:\/\/grupotextil.es\/ca\/wp-json\/wp\/v2\/media?parent=232623"}],"wp:term":[{"taxonomy":"product_brand","embeddable":true,"href":"https:\/\/grupotextil.es\/ca\/wp-json\/wp\/v2\/product_brand?post=232623"},{"taxonomy":"product_cat","embeddable":true,"href":"https:\/\/grupotextil.es\/ca\/wp-json\/wp\/v2\/product_cat?post=232623"},{"taxonomy":"product_tag","embeddable":true,"href":"https:\/\/grupotextil.es\/ca\/wp-json\/wp\/v2\/product_tag?post=232623"}],"curies":[{"name":"wp","href":"https:\/\/api.w.org\/{rel}","templated":true}]}}