{"id":232647,"date":"2026-03-04T07:31:37","date_gmt":"2026-03-04T06:31:37","guid":{"rendered":"https:\/\/grupotextil.es\/producto\/thermal-mesh-cn-w\/"},"modified":"2026-04-19T04:07:13","modified_gmt":"2026-04-19T02:07:13","slug":"thermal-mesh-cn-w","status":"publish","type":"product","link":"https:\/\/grupotextil.es\/ca\/product\/thermal-mesh-cn-w\/","title":{"rendered":"Thermal Mesh CN W"},"content":{"rendered":"<p>Thermal Mesh CN es una prenda interior c\u00e1lida y muy transpirable, adecuada para una gran variedad de entrenamientos y para el uso diario.<\/p>\n<p>Esta camiseta interior b\u00e1sica funcional est\u00e1 confeccionada con una mezcla de malla de poli\u00e9ster reciclado y viscosa, que proporciona calor y un tacto suave para un confort \u00f3ptimo. La estructura de malla del tejido ofrece una excelente ventilaci\u00f3n, garantizando una excelente gesti\u00f3n de la temperatura corporal durante la mayor\u00eda de tipos de entrenamiento. Adem\u00e1s, su dise\u00f1o ergon\u00f3mico combinado con un toque de elastano proporcionan una gran elasticidad y libertad de movimientos. Dise\u00f1ada con un corte ligeramente m\u00e1s relajado que las camisetas interiores ajustadas tradicionales. Ll\u00e9vala como camiseta interior en los d\u00edas m\u00e1s fr\u00edos o como prenda superior independiente en los d\u00edas m\u00e1s templados.<\/p>\n<p>\u2022 Tejido suave de poli\u00e9ster reciclado, viscosa y elastano<\/p>\n<p>\u2022 Estructura de malla<\/p>\n<p>\u2022 Cuello redondo<\/p>\n<p>\u2022 Ajuste regular<\/p>\n<p><strong>Composici\u00f3n:<\/strong> 62% Poli\u00e9ster reciclado, 33% Lyocell, 3% Elastano, 2% Poli\u00e9ster | <strong>Tallas:<\/strong> XS-XXL<\/p>","protected":false},"excerpt":{"rendered":"<p>Thermal Mesh CN es una prenda interior c\u00e1lida y muy transpirable, adecuada para una gran variedad de entrenamientos y para el uso diario.<\/p>","protected":false},"featured_media":237069,"comment_status":"open","ping_status":"closed","template":"","meta":{"_acf_changed":false},"product_brand":[10489],"product_cat":[13977,13986,13981,13990,13974,13932,13930,13975,13935,13973],"product_tag":[],"class_list":{"0":"post-232647","1":"product","2":"type-product","3":"status-publish","4":"has-post-thumbnail","6":"product_brand-craft","7":"product_cat-h-camisetas-manga-corta","8":"product_cat-m-camisetas-manga-corta","9":"product_cat-h-chaquetas-y-abrigos","10":"product_cat-m-chaquetas-y-abrigos","11":"product_cat-ropa-hombre","12":"product_cat-hosteleria-horeca","13":"product_cat-laboral","14":"product_cat-ropa-mujer","15":"product_cat-pantalones-cocina","16":"product_cat-ropa","17":"tm-no-options","19":"first","20":"instock","21":"taxable","22":"shipping-taxable","23":"product-type-variable"},"acf":[],"_links":{"self":[{"href":"https:\/\/grupotextil.es\/ca\/wp-json\/wp\/v2\/product\/232647","targetHints":{"allow":["GET"]}}],"collection":[{"href":"https:\/\/grupotextil.es\/ca\/wp-json\/wp\/v2\/product"}],"about":[{"href":"https:\/\/grupotextil.es\/ca\/wp-json\/wp\/v2\/types\/product"}],"replies":[{"embeddable":true,"href":"https:\/\/grupotextil.es\/ca\/wp-json\/wp\/v2\/comments?post=232647"}],"wp:featuredmedia":[{"embeddable":true,"href":"https:\/\/grupotextil.es\/ca\/wp-json\/wp\/v2\/media\/237069"}],"wp:attachment":[{"href":"https:\/\/grupotextil.es\/ca\/wp-json\/wp\/v2\/media?parent=232647"}],"wp:term":[{"taxonomy":"product_brand","embeddable":true,"href":"https:\/\/grupotextil.es\/ca\/wp-json\/wp\/v2\/product_brand?post=232647"},{"taxonomy":"product_cat","embeddable":true,"href":"https:\/\/grupotextil.es\/ca\/wp-json\/wp\/v2\/product_cat?post=232647"},{"taxonomy":"product_tag","embeddable":true,"href":"https:\/\/grupotextil.es\/ca\/wp-json\/wp\/v2\/product_tag?post=232647"}],"curies":[{"name":"wp","href":"https:\/\/api.w.org\/{rel}","templated":true}]}}