{"id":232650,"date":"2026-03-04T07:31:38","date_gmt":"2026-03-04T06:31:38","guid":{"rendered":"https:\/\/grupotextil.es\/producto\/frequent-sweatpants-w\/"},"modified":"2026-04-19T04:07:13","modified_gmt":"2026-04-19T02:07:13","slug":"frequent-sweatpants-w","status":"publish","type":"product","link":"https:\/\/grupotextil.es\/ca\/product\/frequent-sweatpants-w\/","title":{"rendered":"Frequent Sweatpants W"},"content":{"rendered":"<p>Los Frequent Sweatpants son pantalones de ch\u00e1ndal de corte relajado dise\u00f1ados para el d\u00eda a d\u00eda.<\/p>\n<p>Estos vers\u00e1tiles pantalones de ch\u00e1ndal informales est\u00e1n confeccionados en un tejido de algod\u00f3n de alto gramaje con un tejido con peque\u00f1os bucles en el reverso del tejido. Los pantalones de ch\u00e1ndal tambi\u00e9n cuentan con un cord\u00f3n en la cintura para un ajuste regulable y dos c\u00f3modos bolsillos laterales, lo que los hace pr\u00e1cticos y elegantes para llevarlos durante todo el d\u00eda. Perfecto para la inclusi\u00f3n de marcas con el logotipo del club, patrocinios o empresas.<\/p>\n<p>\u2022 Hecha de algod\u00f3n 100\u00a0% org\u00e1nico (380 gsm)<\/p>\n<p>\u2022 Tejido con bucles<\/p>\n<p>\u2022 Cord\u00f3n ajustable en la cintura<\/p>\n<p>\u2022 El\u00e1stico en la cintura y en las perneras<\/p>\n<p>\u2022 Dos bolsillos laterales con cremallera<\/p>\n<p>\u2022 Ajuste relajado<\/p>\n<p><strong>Composici\u00f3n:<\/strong> 100% Algod\u00f3n org\u00e1nico | <strong>Peso:<\/strong> 380 gsm | <strong>Tallas:<\/strong> XS-XXL<\/p>","protected":false},"excerpt":{"rendered":"<p>Los Frequent Sweatpants son pantalones de ch\u00e1ndal de corte relajado dise\u00f1ados para el d\u00eda a d\u00eda.<\/p>","protected":false},"featured_media":237070,"comment_status":"open","ping_status":"closed","template":"","meta":{"_acf_changed":false},"product_brand":[10489],"product_cat":[13983],"product_tag":[],"class_list":{"0":"post-232650","1":"product","2":"type-product","3":"status-publish","4":"has-post-thumbnail","6":"product_brand-craft","7":"product_cat-h-pantalones","8":"tm-no-options","10":"first","11":"instock","12":"taxable","13":"shipping-taxable","14":"product-type-variable"},"acf":[],"_links":{"self":[{"href":"https:\/\/grupotextil.es\/ca\/wp-json\/wp\/v2\/product\/232650","targetHints":{"allow":["GET"]}}],"collection":[{"href":"https:\/\/grupotextil.es\/ca\/wp-json\/wp\/v2\/product"}],"about":[{"href":"https:\/\/grupotextil.es\/ca\/wp-json\/wp\/v2\/types\/product"}],"replies":[{"embeddable":true,"href":"https:\/\/grupotextil.es\/ca\/wp-json\/wp\/v2\/comments?post=232650"}],"wp:featuredmedia":[{"embeddable":true,"href":"https:\/\/grupotextil.es\/ca\/wp-json\/wp\/v2\/media\/237070"}],"wp:attachment":[{"href":"https:\/\/grupotextil.es\/ca\/wp-json\/wp\/v2\/media?parent=232650"}],"wp:term":[{"taxonomy":"product_brand","embeddable":true,"href":"https:\/\/grupotextil.es\/ca\/wp-json\/wp\/v2\/product_brand?post=232650"},{"taxonomy":"product_cat","embeddable":true,"href":"https:\/\/grupotextil.es\/ca\/wp-json\/wp\/v2\/product_cat?post=232650"},{"taxonomy":"product_tag","embeddable":true,"href":"https:\/\/grupotextil.es\/ca\/wp-json\/wp\/v2\/product_tag?post=232650"}],"curies":[{"name":"wp","href":"https:\/\/api.w.org\/{rel}","templated":true}]}}