{"id":232742,"date":"2026-03-04T07:32:40","date_gmt":"2026-03-04T06:32:40","guid":{"rendered":"https:\/\/grupotextil.es\/producto\/frequent-fz-hoodie-m\/"},"modified":"2026-04-26T04:06:05","modified_gmt":"2026-04-26T02:06:05","slug":"frequent-fz-hoodie-m","status":"publish","type":"product","link":"https:\/\/grupotextil.es\/ca\/product\/frequent-fz-hoodie-m\/","title":{"rendered":"Frequent FZ Hoodie M"},"content":{"rendered":"<p>La sudadera con capucha Frequent FZ es una sudadera con capucha y cremallera completa de ajuste relajado pensada para el d\u00eda a d\u00eda.<\/p>\n<p>Esta vers\u00e1til sudadera informal con capucha est\u00e1 confeccionada en un tejido de algod\u00f3n de gran gramaje con peque\u00f1os bucles en el reverso del tejido. Tambi\u00e9n cuenta con un cord\u00f3n en la capucha para un ajuste regulable y dos c\u00f3modos bolsillos laterales, lo que la convierte en una prenda pr\u00e1ctica y elegante para llevar durante todo el d\u00eda. Perfecto para la inclusi\u00f3n de marcas con el logotipo del club, patrocinios o empresas.<\/p>\n<p>\u2022 Hecha de algod\u00f3n 100\u00a0% org\u00e1nico (380 gsm)<\/p>\n<p>\u2022 Tejido con bucles<\/p>\n<p>\u2022 Capucha con cord\u00f3n de ajuste<\/p>\n<p>\u2022 Canal\u00e9 en el pu\u00f1o y el dobladillo inferior<\/p>\n<p>\u2022 Dos bolsillos laterales<\/p>\n<p>\u2022 Ajuste relajado<\/p>\n<p><strong>Composici\u00f3n:<\/strong> Main 100% Algod\u00f3n org\u00e1nico, Cuff 95% Algod\u00f3n org\u00e1nico, 5% Elastano | <strong>Peso:<\/strong> 380 gsm | <strong>Tallas:<\/strong> S-3XL<\/p>","protected":false},"excerpt":{"rendered":"<p>La sudadera con capucha Frequent FZ es una sudadera con capucha y cremallera completa de ajuste relajado pensada para el d\u00eda a d\u00eda.<\/p>","protected":false},"featured_media":237088,"comment_status":"open","ping_status":"closed","template":"","meta":{"_acf_changed":false},"product_brand":[10489],"product_cat":[15147],"product_tag":[],"class_list":{"0":"post-232742","1":"product","2":"type-product","3":"status-publish","4":"has-post-thumbnail","6":"product_brand-craft","7":"product_cat-new-wave","8":"tm-no-options","10":"first","11":"instock","12":"taxable","13":"shipping-taxable","14":"product-type-variable"},"acf":[],"_links":{"self":[{"href":"https:\/\/grupotextil.es\/ca\/wp-json\/wp\/v2\/product\/232742","targetHints":{"allow":["GET"]}}],"collection":[{"href":"https:\/\/grupotextil.es\/ca\/wp-json\/wp\/v2\/product"}],"about":[{"href":"https:\/\/grupotextil.es\/ca\/wp-json\/wp\/v2\/types\/product"}],"replies":[{"embeddable":true,"href":"https:\/\/grupotextil.es\/ca\/wp-json\/wp\/v2\/comments?post=232742"}],"wp:featuredmedia":[{"embeddable":true,"href":"https:\/\/grupotextil.es\/ca\/wp-json\/wp\/v2\/media\/237088"}],"wp:attachment":[{"href":"https:\/\/grupotextil.es\/ca\/wp-json\/wp\/v2\/media?parent=232742"}],"wp:term":[{"taxonomy":"product_brand","embeddable":true,"href":"https:\/\/grupotextil.es\/ca\/wp-json\/wp\/v2\/product_brand?post=232742"},{"taxonomy":"product_cat","embeddable":true,"href":"https:\/\/grupotextil.es\/ca\/wp-json\/wp\/v2\/product_cat?post=232742"},{"taxonomy":"product_tag","embeddable":true,"href":"https:\/\/grupotextil.es\/ca\/wp-json\/wp\/v2\/product_tag?post=232742"}],"curies":[{"name":"wp","href":"https:\/\/api.w.org\/{rel}","templated":true}]}}