{"id":232751,"date":"2026-03-04T07:32:45","date_gmt":"2026-03-04T06:32:45","guid":{"rendered":"https:\/\/grupotextil.es\/producto\/active-comfort-ss-2-m\/"},"modified":"2026-04-19T04:07:13","modified_gmt":"2026-04-19T02:07:13","slug":"active-comfort-ss-2-m","status":"publish","type":"product","link":"https:\/\/grupotextil.es\/ca\/product\/active-comfort-ss-2-m\/","title":{"rendered":"Active Comfort SS 2 M"},"content":{"rendered":"<p>Active Comfort SS 2 es una camiseta interior suave y funcional que es una gran elecci\u00f3n para casi cualquier actividad, desde entrenamientos diarios hasta el esqu\u00ed alpino, el trekking y el relajado apr\u00e8s-ski. Ahora fabricadas con un 100\u00a0% de material reciclado.<\/p>\n<p>Esta prenda interior vers\u00e1til y muy c\u00f3moda est\u00e1 fabricada con poliamida y poli\u00e9ster 100\u00a0% reciclados, una mezcla suave y funcional que proporciona calor y un transporte eficaz de la humedad. Adem\u00e1s, la prenda cuenta con pocas costuras y estructura bodymapped para mejorar la termorregulaci\u00f3n. Si solo quieres una prenda interior para todos tus entrenamientos y actividades f\u00edsicas, esta es la tuya.<\/p>\n<p>\u2022 Tejido suave y funcional fabricado en parte con materiales 100\u00a0% reciclados<\/p>\n<p>\u2022 Estructura bodymapped para mejorar la termorregulaci\u00f3n<\/p>\n<p>\u2022 Pocas costuras para un confort \u00f3ptimo<\/p>\n<p>\u2022 Costuras planas que siguen los movimientos del cuerpo<\/p>\n<p><strong>Composici\u00f3n:<\/strong> 75% Poliamida reciclada, 25% Poli\u00e9ster reciclado | <strong>Tallas:<\/strong> S-XXL<\/p>","protected":false},"excerpt":{"rendered":"<p>Active Comfort SS 2 es una camiseta interior suave y funcional que es una gran elecci\u00f3n para casi cualquier actividad, desde entrenamientos diarios hasta el esqu\u00ed alpino, el trekking y el relajado apr\u00e8s-ski. Ahora fabricadas con un 100\u00a0% de material<\/p>","protected":false},"featured_media":237090,"comment_status":"open","ping_status":"closed","template":"","meta":{"_acf_changed":false},"product_brand":[10489],"product_cat":[13986,13977,13981,13990,13974,13932,13930,13975,13935,13973],"product_tag":[],"class_list":{"0":"post-232751","1":"product","2":"type-product","3":"status-publish","4":"has-post-thumbnail","6":"product_brand-craft","7":"product_cat-m-camisetas-manga-corta","8":"product_cat-h-camisetas-manga-corta","9":"product_cat-h-chaquetas-y-abrigos","10":"product_cat-m-chaquetas-y-abrigos","11":"product_cat-ropa-hombre","12":"product_cat-hosteleria-horeca","13":"product_cat-laboral","14":"product_cat-ropa-mujer","15":"product_cat-pantalones-cocina","16":"product_cat-ropa","17":"tm-no-options","19":"first","20":"instock","21":"taxable","22":"shipping-taxable","23":"product-type-variable"},"acf":[],"_links":{"self":[{"href":"https:\/\/grupotextil.es\/ca\/wp-json\/wp\/v2\/product\/232751","targetHints":{"allow":["GET"]}}],"collection":[{"href":"https:\/\/grupotextil.es\/ca\/wp-json\/wp\/v2\/product"}],"about":[{"href":"https:\/\/grupotextil.es\/ca\/wp-json\/wp\/v2\/types\/product"}],"replies":[{"embeddable":true,"href":"https:\/\/grupotextil.es\/ca\/wp-json\/wp\/v2\/comments?post=232751"}],"wp:featuredmedia":[{"embeddable":true,"href":"https:\/\/grupotextil.es\/ca\/wp-json\/wp\/v2\/media\/237090"}],"wp:attachment":[{"href":"https:\/\/grupotextil.es\/ca\/wp-json\/wp\/v2\/media?parent=232751"}],"wp:term":[{"taxonomy":"product_brand","embeddable":true,"href":"https:\/\/grupotextil.es\/ca\/wp-json\/wp\/v2\/product_brand?post=232751"},{"taxonomy":"product_cat","embeddable":true,"href":"https:\/\/grupotextil.es\/ca\/wp-json\/wp\/v2\/product_cat?post=232751"},{"taxonomy":"product_tag","embeddable":true,"href":"https:\/\/grupotextil.es\/ca\/wp-json\/wp\/v2\/product_tag?post=232751"}],"curies":[{"name":"wp","href":"https:\/\/api.w.org\/{rel}","templated":true}]}}