{"id":232768,"date":"2026-03-04T07:32:57","date_gmt":"2026-03-04T06:32:57","guid":{"rendered":"https:\/\/grupotextil.es\/producto\/adv-explore-shell-pants-w\/"},"modified":"2026-04-19T04:07:13","modified_gmt":"2026-04-19T02:07:13","slug":"adv-explore-shell-pants-w","status":"publish","type":"product","link":"https:\/\/grupotextil.es\/ca\/product\/adv-explore-shell-pants-w\/","title":{"rendered":"ADV Explore Shell Pants W"},"content":{"rendered":"<p>Los ADV Explore Shell Pants son unos pantalones funcionales, duraderos e impermeables dise\u00f1ados para actividades al aire libre en condiciones de fr\u00edo y humedad.<\/p>\n<p>Estos pantalones polivalentes est\u00e1n confeccionados con un tejido tricapa y equipada con costuras totalmente selladas para ofrecer la m\u00e1xima protecci\u00f3n frente a las condiciones clim\u00e1ticas. Los pantalones tienen cremalleras de ventilaci\u00f3n resistentes al agua en los laterales para una gesti\u00f3n eficaz de la temperatura corporal, dos bolsillos con cremallera y cord\u00f3n ajustable en la parte inferior. Una elecci\u00f3n perfecta para todas las actividades al aire libre que requieren prendas exteriores muy funcionales.<\/p>\n<p>\u2022 Tejido de 3 capas de poli\u00e9ster reciclado (WP 15.000\/MVP 15.000)<\/p>\n<p>\u2022 Costuras selladas<\/p>\n<p>\u2022 Cremallera de ventilaci\u00f3n impermeable en los laterales<\/p>\n<p>\u2022 Cord\u00f3n en la parte inferior para ajustar la anchura<\/p>\n<p>\u2022 Dos bolsillos con cremallera<\/p>\n<p>\u2022 Ajuste regular<\/p>\n<p><strong>Composici\u00f3n:<\/strong> Face 100% Poli\u00e9ster reciclado, Middle 100% Thermoplastic Poliuretano, Back 100% Poli\u00e9ster | <strong>Tallas:<\/strong> XS-XXL<\/p>","protected":false},"excerpt":{"rendered":"<p>Los ADV Explore Shell Pants son unos pantalones funcionales, duraderos e impermeables dise\u00f1ados para actividades al aire libre en condiciones de fr\u00edo y humedad.<\/p>","protected":false},"featured_media":237093,"comment_status":"open","ping_status":"closed","template":"","meta":{"_acf_changed":false},"product_brand":[10489],"product_cat":[15147],"product_tag":[],"class_list":{"0":"post-232768","1":"product","2":"type-product","3":"status-publish","4":"has-post-thumbnail","6":"product_brand-craft","7":"product_cat-new-wave","8":"tm-no-options","10":"first","11":"instock","12":"taxable","13":"shipping-taxable","14":"product-type-variable"},"acf":[],"_links":{"self":[{"href":"https:\/\/grupotextil.es\/ca\/wp-json\/wp\/v2\/product\/232768","targetHints":{"allow":["GET"]}}],"collection":[{"href":"https:\/\/grupotextil.es\/ca\/wp-json\/wp\/v2\/product"}],"about":[{"href":"https:\/\/grupotextil.es\/ca\/wp-json\/wp\/v2\/types\/product"}],"replies":[{"embeddable":true,"href":"https:\/\/grupotextil.es\/ca\/wp-json\/wp\/v2\/comments?post=232768"}],"wp:featuredmedia":[{"embeddable":true,"href":"https:\/\/grupotextil.es\/ca\/wp-json\/wp\/v2\/media\/237093"}],"wp:attachment":[{"href":"https:\/\/grupotextil.es\/ca\/wp-json\/wp\/v2\/media?parent=232768"}],"wp:term":[{"taxonomy":"product_brand","embeddable":true,"href":"https:\/\/grupotextil.es\/ca\/wp-json\/wp\/v2\/product_brand?post=232768"},{"taxonomy":"product_cat","embeddable":true,"href":"https:\/\/grupotextil.es\/ca\/wp-json\/wp\/v2\/product_cat?post=232768"},{"taxonomy":"product_tag","embeddable":true,"href":"https:\/\/grupotextil.es\/ca\/wp-json\/wp\/v2\/product_tag?post=232768"}],"curies":[{"name":"wp","href":"https:\/\/api.w.org\/{rel}","templated":true}]}}