{"id":232773,"date":"2026-03-04T07:33:00","date_gmt":"2026-03-04T06:33:00","guid":{"rendered":"https:\/\/grupotextil.es\/producto\/4423-chaqueta-acolchada-windwaterproof\/"},"modified":"2026-04-19T04:07:14","modified_gmt":"2026-04-19T02:07:14","slug":"4423-chaqueta-acolchada-windwaterproof","status":"publish","type":"product","link":"https:\/\/grupotextil.es\/ca\/product\/4423-chaqueta-acolchada-windwaterproof\/","title":{"rendered":"4423 CHAQUETA ACOLCHADA WIND&#038;WATERPROOF"},"content":{"rendered":"<p>Chaqueta cortaviento e impermeable con costuras selladas. Relleno acolchado. Cremallera bidireccional en la parte delantera cubierta con solapa oculta con broches de presi\u00f3n, para evitar las corrientes de aire y las filtraciones de agua, tambi\u00e9n con protector de cremallera para evitar las rozaduras. Forro polar en el cuello para mayor calidez y confort. Bolsillos en el pecho con cremallera y forro polar en ambos lados, enganche para sujetar la tarjeta de identificaci\u00f3n en el lado izquierdo. Bolsillos laterales con cremallera y forro polar. Capucha desmontable, ajustable en dos sentidos con cord\u00f3n. Detalles reflectantes en la espalda y los brazos. Espalda alargada. Pu\u00f1os ajustables con velcro y cintura y bajo de la prenda ajustables con cord\u00f3n. El forro se puede abrir para facilitar la impresi\u00f3n.<\/p>\n<p><strong>Composici\u00f3n:<\/strong> 100% poli\u00e9ster, 210 g\/m2 | <strong>Peso:<\/strong> 210 g\/m\u00b2 | <strong>Tallas:<\/strong> XS-4XL<\/p>","protected":false},"excerpt":{"rendered":"<p>Chaqueta cortaviento e impermeable con costuras selladas. Relleno acolchado. Cremallera bidireccional en la parte delantera cubierta con solapa oculta con broches de presi\u00f3n, para evitar las corrientes de aire y las filtraciones de agua, tambi\u00e9n con<\/p>","protected":false},"featured_media":237095,"comment_status":"open","ping_status":"closed","template":"","meta":{"_acf_changed":false},"product_brand":[10531],"product_cat":[13998],"product_tag":[],"class_list":{"0":"post-232773","1":"product","2":"type-product","3":"status-publish","4":"has-post-thumbnail","6":"product_brand-projob","7":"product_cat-n-chaquetas","8":"tm-no-options","10":"first","11":"instock","12":"taxable","13":"shipping-taxable","14":"product-type-variable"},"acf":[],"_links":{"self":[{"href":"https:\/\/grupotextil.es\/ca\/wp-json\/wp\/v2\/product\/232773","targetHints":{"allow":["GET"]}}],"collection":[{"href":"https:\/\/grupotextil.es\/ca\/wp-json\/wp\/v2\/product"}],"about":[{"href":"https:\/\/grupotextil.es\/ca\/wp-json\/wp\/v2\/types\/product"}],"replies":[{"embeddable":true,"href":"https:\/\/grupotextil.es\/ca\/wp-json\/wp\/v2\/comments?post=232773"}],"wp:featuredmedia":[{"embeddable":true,"href":"https:\/\/grupotextil.es\/ca\/wp-json\/wp\/v2\/media\/237095"}],"wp:attachment":[{"href":"https:\/\/grupotextil.es\/ca\/wp-json\/wp\/v2\/media?parent=232773"}],"wp:term":[{"taxonomy":"product_brand","embeddable":true,"href":"https:\/\/grupotextil.es\/ca\/wp-json\/wp\/v2\/product_brand?post=232773"},{"taxonomy":"product_cat","embeddable":true,"href":"https:\/\/grupotextil.es\/ca\/wp-json\/wp\/v2\/product_cat?post=232773"},{"taxonomy":"product_tag","embeddable":true,"href":"https:\/\/grupotextil.es\/ca\/wp-json\/wp\/v2\/product_tag?post=232773"}],"curies":[{"name":"wp","href":"https:\/\/api.w.org\/{rel}","templated":true}]}}