{"id":232784,"date":"2026-03-04T07:33:07","date_gmt":"2026-03-04T06:33:07","guid":{"rendered":"https:\/\/grupotextil.es\/producto\/prime-t-shirt-ls\/"},"modified":"2026-04-19T04:07:14","modified_gmt":"2026-04-19T02:07:14","slug":"prime-t-shirt-ls","status":"publish","type":"product","link":"https:\/\/grupotextil.es\/ca\/product\/prime-t-shirt-ls\/","title":{"rendered":"Prime T-shirt LS"},"content":{"rendered":"<p>La camiseta Prime T-shirt LS es una camiseta moderna de corte regular dise\u00f1ada para trabajadores, que ofrece comodidad gracias a sus suaves ribetes en los pu\u00f1os.<\/p>\n<p><strong>Composici\u00f3n:<\/strong> 60 % Algod\u00f3n org\u00e1nico, 40 % Poli\u00e9ster reciclado | <strong>Peso:<\/strong> 180 g\/m\u00b2 | <strong>Tallas:<\/strong> S-5XL<\/p>","protected":false},"excerpt":{"rendered":"<p>La camiseta Prime T-shirt LS es una camiseta moderna de corte regular dise\u00f1ada para trabajadores, que ofrece comodidad gracias a sus suaves ribetes en los pu\u00f1os.<\/p>","protected":false},"featured_media":237097,"comment_status":"open","ping_status":"closed","template":"","meta":{"_acf_changed":false},"product_brand":[10586],"product_cat":[13974,13975,13973],"product_tag":[],"class_list":{"0":"post-232784","1":"product","2":"type-product","3":"status-publish","4":"has-post-thumbnail","6":"product_brand-printer-prime","7":"product_cat-ropa-hombre","8":"product_cat-ropa-mujer","9":"product_cat-ropa","10":"tm-no-options","12":"first","13":"instock","14":"taxable","15":"shipping-taxable","16":"product-type-variable"},"acf":[],"_links":{"self":[{"href":"https:\/\/grupotextil.es\/ca\/wp-json\/wp\/v2\/product\/232784","targetHints":{"allow":["GET"]}}],"collection":[{"href":"https:\/\/grupotextil.es\/ca\/wp-json\/wp\/v2\/product"}],"about":[{"href":"https:\/\/grupotextil.es\/ca\/wp-json\/wp\/v2\/types\/product"}],"replies":[{"embeddable":true,"href":"https:\/\/grupotextil.es\/ca\/wp-json\/wp\/v2\/comments?post=232784"}],"wp:featuredmedia":[{"embeddable":true,"href":"https:\/\/grupotextil.es\/ca\/wp-json\/wp\/v2\/media\/237097"}],"wp:attachment":[{"href":"https:\/\/grupotextil.es\/ca\/wp-json\/wp\/v2\/media?parent=232784"}],"wp:term":[{"taxonomy":"product_brand","embeddable":true,"href":"https:\/\/grupotextil.es\/ca\/wp-json\/wp\/v2\/product_brand?post=232784"},{"taxonomy":"product_cat","embeddable":true,"href":"https:\/\/grupotextil.es\/ca\/wp-json\/wp\/v2\/product_cat?post=232784"},{"taxonomy":"product_tag","embeddable":true,"href":"https:\/\/grupotextil.es\/ca\/wp-json\/wp\/v2\/product_tag?post=232784"}],"curies":[{"name":"wp","href":"https:\/\/api.w.org\/{rel}","templated":true}]}}