{"id":232828,"date":"2026-03-04T07:33:38","date_gmt":"2026-03-04T06:33:38","guid":{"rendered":"https:\/\/grupotextil.es\/producto\/frequent-hz-sweatshirt-m\/"},"modified":"2026-04-19T04:07:14","modified_gmt":"2026-04-19T02:07:14","slug":"frequent-hz-sweatshirt-m","status":"publish","type":"product","link":"https:\/\/grupotextil.es\/ca\/product\/frequent-hz-sweatshirt-m\/","title":{"rendered":"Frequent HZ Sweatshirt M"},"content":{"rendered":"<p>Frequent HZ Sweatshirt es una sudadera con media cremallera de corte relajado pensada para el d\u00eda a d\u00eda.<\/p>\n<p>Esta sudadera desenfadada y vers\u00e1til est\u00e1 confeccionada en un tejido de algod\u00f3n de alto gramaje con bucles en el reverso del tejido. Perfecta para marcarla con logotipos de clubes, patrocinadores o empresas.<\/p>\n<p>\u2022 Hecha de algod\u00f3n 100\u00a0% org\u00e1nico (380 gsm)<\/p>\n<p>\u2022 Tejido con bucles<\/p>\n<p>\u2022 Canal\u00e9 en cuello, pu\u00f1os y dobladillo inferior<\/p>\n<p>\u2022 Ajuste relajado<\/p>\n<p><strong>Composici\u00f3n:<\/strong> Main 100% Algod\u00f3n org\u00e1nico, Cuff 95% Algod\u00f3n org\u00e1nico, 5% Elastano | <strong>Peso:<\/strong> 380 gsm | <strong>Tallas:<\/strong> S-3XL<\/p>","protected":false},"excerpt":{"rendered":"<p>Frequent HZ Sweatshirt es una sudadera con media cremallera de corte relajado pensada para el d\u00eda a d\u00eda.<\/p>","protected":false},"featured_media":237103,"comment_status":"open","ping_status":"closed","template":"","meta":{"_acf_changed":false},"product_brand":[10489],"product_cat":[15147],"product_tag":[],"class_list":{"0":"post-232828","1":"product","2":"type-product","3":"status-publish","4":"has-post-thumbnail","6":"product_brand-craft","7":"product_cat-new-wave","8":"tm-no-options","10":"first","11":"instock","12":"taxable","13":"shipping-taxable","14":"product-type-variable"},"acf":[],"_links":{"self":[{"href":"https:\/\/grupotextil.es\/ca\/wp-json\/wp\/v2\/product\/232828","targetHints":{"allow":["GET"]}}],"collection":[{"href":"https:\/\/grupotextil.es\/ca\/wp-json\/wp\/v2\/product"}],"about":[{"href":"https:\/\/grupotextil.es\/ca\/wp-json\/wp\/v2\/types\/product"}],"replies":[{"embeddable":true,"href":"https:\/\/grupotextil.es\/ca\/wp-json\/wp\/v2\/comments?post=232828"}],"wp:featuredmedia":[{"embeddable":true,"href":"https:\/\/grupotextil.es\/ca\/wp-json\/wp\/v2\/media\/237103"}],"wp:attachment":[{"href":"https:\/\/grupotextil.es\/ca\/wp-json\/wp\/v2\/media?parent=232828"}],"wp:term":[{"taxonomy":"product_brand","embeddable":true,"href":"https:\/\/grupotextil.es\/ca\/wp-json\/wp\/v2\/product_brand?post=232828"},{"taxonomy":"product_cat","embeddable":true,"href":"https:\/\/grupotextil.es\/ca\/wp-json\/wp\/v2\/product_cat?post=232828"},{"taxonomy":"product_tag","embeddable":true,"href":"https:\/\/grupotextil.es\/ca\/wp-json\/wp\/v2\/product_tag?post=232828"}],"curies":[{"name":"wp","href":"https:\/\/api.w.org\/{rel}","templated":true}]}}