{"id":232837,"date":"2026-03-04T07:33:44","date_gmt":"2026-03-04T06:33:44","guid":{"rendered":"https:\/\/grupotextil.es\/producto\/adv-trail-wool-ss-tee-w\/"},"modified":"2026-04-19T04:07:14","modified_gmt":"2026-04-19T02:07:14","slug":"adv-trail-wool-ss-tee-w","status":"publish","type":"product","link":"https:\/\/grupotextil.es\/ca\/product\/adv-trail-wool-ss-tee-w\/","title":{"rendered":"ADV Trail Wool Ss Tee W"},"content":{"rendered":"<p>La Wool SS Tee es una camiseta de running muy funcional fabricada con una fina mezcla de poli\u00e9ster y lana.<\/p>\n<p>Esta avanzada prenda est\u00e1 confeccionada con un suave punto de poli\u00e9ster y lana que proporciona un transporte eficaz de la humedad y una gran gesti\u00f3n de la temperatura corporal. La lana te mantiene caliente, mientras que el poli\u00e9ster expulsa el sudor y el exceso de calor de la piel, permiti\u00e9ndote rendir al m\u00e1ximo. Adem\u00e1s, la prenda viene con mangas ragl\u00e1n y aberturas laterales para una mayor libertad de movimientos. El tejido fino y ligero hace de esta prenda una gran elecci\u00f3n tambi\u00e9n para el entrenamiento en interiores y el uso ocasional.<\/p>\n<p>\u2022 Suave y c\u00e1lido punto de poli\u00e9ster reciclado y lana merina<\/p>\n<p>\u2022 Mangas ragl\u00e1n<\/p>\n<p>\u2022 Aberturas laterales<\/p>\n<p>\u2022 Ajuste regular<\/p>\n<p><strong>Composici\u00f3n:<\/strong> 80% Polyester-Recycled, 20% Wool | <strong>Peso:<\/strong> 130 g\/m2 | <strong>Tallas:<\/strong> XS-XXL<\/p>","protected":false},"excerpt":{"rendered":"<p>La Wool SS Tee es una camiseta de running muy funcional fabricada con una fina mezcla de poli\u00e9ster y lana.<\/p>","protected":false},"featured_media":237105,"comment_status":"open","ping_status":"closed","template":"","meta":{"_acf_changed":false},"product_brand":[10489],"product_cat":[13977,13986,13981,13990,13974,13932,13930,13975,13935,13973],"product_tag":[],"class_list":{"0":"post-232837","1":"product","2":"type-product","3":"status-publish","4":"has-post-thumbnail","6":"product_brand-craft","7":"product_cat-h-camisetas-manga-corta","8":"product_cat-m-camisetas-manga-corta","9":"product_cat-h-chaquetas-y-abrigos","10":"product_cat-m-chaquetas-y-abrigos","11":"product_cat-ropa-hombre","12":"product_cat-hosteleria-horeca","13":"product_cat-laboral","14":"product_cat-ropa-mujer","15":"product_cat-pantalones-cocina","16":"product_cat-ropa","17":"tm-no-options","19":"first","20":"instock","21":"taxable","22":"shipping-taxable","23":"product-type-variable"},"acf":[],"_links":{"self":[{"href":"https:\/\/grupotextil.es\/ca\/wp-json\/wp\/v2\/product\/232837","targetHints":{"allow":["GET"]}}],"collection":[{"href":"https:\/\/grupotextil.es\/ca\/wp-json\/wp\/v2\/product"}],"about":[{"href":"https:\/\/grupotextil.es\/ca\/wp-json\/wp\/v2\/types\/product"}],"replies":[{"embeddable":true,"href":"https:\/\/grupotextil.es\/ca\/wp-json\/wp\/v2\/comments?post=232837"}],"wp:featuredmedia":[{"embeddable":true,"href":"https:\/\/grupotextil.es\/ca\/wp-json\/wp\/v2\/media\/237105"}],"wp:attachment":[{"href":"https:\/\/grupotextil.es\/ca\/wp-json\/wp\/v2\/media?parent=232837"}],"wp:term":[{"taxonomy":"product_brand","embeddable":true,"href":"https:\/\/grupotextil.es\/ca\/wp-json\/wp\/v2\/product_brand?post=232837"},{"taxonomy":"product_cat","embeddable":true,"href":"https:\/\/grupotextil.es\/ca\/wp-json\/wp\/v2\/product_cat?post=232837"},{"taxonomy":"product_tag","embeddable":true,"href":"https:\/\/grupotextil.es\/ca\/wp-json\/wp\/v2\/product_tag?post=232837"}],"curies":[{"name":"wp","href":"https:\/\/api.w.org\/{rel}","templated":true}]}}