{"id":232851,"date":"2026-03-04T07:33:52","date_gmt":"2026-03-04T06:33:52","guid":{"rendered":"https:\/\/grupotextil.es\/producto\/6120-sudadera-cremallera-entera-hv-clase-1\/"},"modified":"2026-04-19T04:07:14","modified_gmt":"2026-04-19T02:07:14","slug":"6120-sudadera-cremallera-entera-hv-clase-1","status":"publish","type":"product","link":"https:\/\/grupotextil.es\/ca\/product\/6120-sudadera-cremallera-entera-hv-clase-1\/","title":{"rendered":"6120 SUDADERA CREMALLERA ENTERA HV CLASE 1"},"content":{"rendered":"<p>Sudadera con cremallera completa en la parte delantera con protector de cremallera para evitar rozaduras. Costura del cuello reforzada para una mayor durabilidad. Bolsillos laterales con cremallera. Bolsillo frontal con cremallera y soluci\u00f3n para manos libres. Transfers reflectantes para mayor flexibilidad. Cintura y pu\u00f1os de punto el\u00e1stico.<\/p>\n<p><strong>Composici\u00f3n:<\/strong> 65% poli\u00e9ster, 35% algod\u00f3n, 300 g\/m2 | <strong>Peso:<\/strong> 300 g\/m\u00b2 | <strong>Tallas:<\/strong> XS-4XL<\/p>","protected":false},"excerpt":{"rendered":"<p>Sudadera con cremallera completa en la parte delantera con protector de cremallera para evitar rozaduras. Costura del cuello reforzada para una mayor durabilidad. Bolsillos laterales con cremallera. Bolsillo frontal con cremallera y soluci\u00f3n para man<\/p>","protected":false},"featured_media":237108,"comment_status":"open","ping_status":"closed","template":"","meta":{"_acf_changed":false},"product_brand":[10531],"product_cat":[13981,13990,13974,13932,13930,13975,13935,13973],"product_tag":[],"class_list":{"0":"post-232851","1":"product","2":"type-product","3":"status-publish","4":"has-post-thumbnail","6":"product_brand-projob","7":"product_cat-h-chaquetas-y-abrigos","8":"product_cat-m-chaquetas-y-abrigos","9":"product_cat-ropa-hombre","10":"product_cat-hosteleria-horeca","11":"product_cat-laboral","12":"product_cat-ropa-mujer","13":"product_cat-pantalones-cocina","14":"product_cat-ropa","15":"tm-no-options","17":"first","18":"instock","19":"taxable","20":"shipping-taxable","21":"product-type-variable"},"acf":[],"_links":{"self":[{"href":"https:\/\/grupotextil.es\/ca\/wp-json\/wp\/v2\/product\/232851","targetHints":{"allow":["GET"]}}],"collection":[{"href":"https:\/\/grupotextil.es\/ca\/wp-json\/wp\/v2\/product"}],"about":[{"href":"https:\/\/grupotextil.es\/ca\/wp-json\/wp\/v2\/types\/product"}],"replies":[{"embeddable":true,"href":"https:\/\/grupotextil.es\/ca\/wp-json\/wp\/v2\/comments?post=232851"}],"wp:featuredmedia":[{"embeddable":true,"href":"https:\/\/grupotextil.es\/ca\/wp-json\/wp\/v2\/media\/237108"}],"wp:attachment":[{"href":"https:\/\/grupotextil.es\/ca\/wp-json\/wp\/v2\/media?parent=232851"}],"wp:term":[{"taxonomy":"product_brand","embeddable":true,"href":"https:\/\/grupotextil.es\/ca\/wp-json\/wp\/v2\/product_brand?post=232851"},{"taxonomy":"product_cat","embeddable":true,"href":"https:\/\/grupotextil.es\/ca\/wp-json\/wp\/v2\/product_cat?post=232851"},{"taxonomy":"product_tag","embeddable":true,"href":"https:\/\/grupotextil.es\/ca\/wp-json\/wp\/v2\/product_tag?post=232851"}],"curies":[{"name":"wp","href":"https:\/\/api.w.org\/{rel}","templated":true}]}}